{"id":4064,"date":"2025-04-02T14:46:21","date_gmt":"2025-04-02T14:46:21","guid":{"rendered":"https:\/\/casadolivreiro.pt\/?post_type=product&#038;p=4064"},"modified":"2026-01-11T16:16:59","modified_gmt":"2026-01-11T16:16:59","slug":"eros-e-a-religiao-walter-schubart","status":"publish","type":"product","link":"https:\/\/casadolivreiro.pt\/index.php\/product\/eros-e-a-religiao-walter-schubart\/","title":{"rendered":"EROS E A RELIGI\u00c3O \u2013 Walter Schubart"},"content":{"rendered":"<p>EROS E A RELIGI\u00c3O \u2013 Walter Schubart<\/p>\n<p>Tradu\u00e7\u00e3o de Luiz Eduardo Brand\u00e3o<\/p>\n<p>Ano de edi\u00e7\u00e3o: 1975, 1.\u00aa edi\u00e7\u00e3o<\/p>\n<p>Editor: Editora Artenova S.A.<\/p>\n<p>Idioma: Portugu\u00eas<\/p>\n<p>Dimens\u00f5es: 14 x 1.6 x 22cm<\/p>\n<p>Encaderna\u00e7\u00e3o: Capa mole<\/p>\n<p>P\u00e1ginas: 199<\/p>\n","protected":false},"excerpt":{"rendered":"<p>EROS E A RELIGI\u00c3O \u2013 Walter Schubart Tradu\u00e7\u00e3o de Luiz Eduardo Brand\u00e3o Ano de edi\u00e7\u00e3o: 1975, 1.\u00aa edi\u00e7\u00e3o Editor: Editora Artenova S.A. Idioma: Portugu\u00eas Dimens\u00f5es: 14 x 1.6 x 22cm Encaderna\u00e7\u00e3o: Capa mole P\u00e1ginas: 199<\/p>\n","protected":false},"featured_media":4065,"comment_status":"open","ping_status":"closed","template":"","meta":{"om_disable_all_campaigns":false,"_monsterinsights_skip_tracking":false,"_monsterinsights_sitenote_active":false,"_monsterinsights_sitenote_note":"","_monsterinsights_sitenote_category":0,"_uf_show_specific_survey":0,"_uf_disable_surveys":false},"product_cat":[33],"product_tag":[],"aioseo_notices":[],"jetpack_sharing_enabled":true,"_links":{"self":[{"href":"https:\/\/casadolivreiro.pt\/index.php\/wp-json\/wp\/v2\/product\/4064"}],"collection":[{"href":"https:\/\/casadolivreiro.pt\/index.php\/wp-json\/wp\/v2\/product"}],"about":[{"href":"https:\/\/casadolivreiro.pt\/index.php\/wp-json\/wp\/v2\/types\/product"}],"replies":[{"embeddable":true,"href":"https:\/\/casadolivreiro.pt\/index.php\/wp-json\/wp\/v2\/comments?post=4064"}],"wp:featuredmedia":[{"embeddable":true,"href":"https:\/\/casadolivreiro.pt\/index.php\/wp-json\/wp\/v2\/media\/4065"}],"wp:attachment":[{"href":"https:\/\/casadolivreiro.pt\/index.php\/wp-json\/wp\/v2\/media?parent=4064"}],"wp:term":[{"taxonomy":"product_cat","embeddable":true,"href":"https:\/\/casadolivreiro.pt\/index.php\/wp-json\/wp\/v2\/product_cat?post=4064"},{"taxonomy":"product_tag","embeddable":true,"href":"https:\/\/casadolivreiro.pt\/index.php\/wp-json\/wp\/v2\/product_tag?post=4064"}],"curies":[{"name":"wp","href":"https:\/\/api.w.org\/{rel}","templated":true}]}}