{"id":4062,"date":"2025-04-02T14:39:04","date_gmt":"2025-04-02T14:39:04","guid":{"rendered":"https:\/\/casadolivreiro.pt\/?post_type=product&#038;p=4062"},"modified":"2025-04-02T14:39:34","modified_gmt":"2025-04-02T14:39:34","slug":"atravessar-o-limiar-de-esperanca-joao-paulo-ii","status":"publish","type":"product","link":"https:\/\/casadolivreiro.pt\/index.php\/product\/atravessar-o-limiar-de-esperanca-joao-paulo-ii\/","title":{"rendered":"ATRAVESSAR O LIMIAR DE ESPERAN\u00c7A \u2013 Jo\u00e3o Paulo II"},"content":{"rendered":"<p>ATRAVESSAR O LIMIAR DE ESPERAN\u00c7A \u2013 Jo\u00e3o Paulo II<\/p>\n<p>Editado por Vittorio Messori<\/p>\n<p>Tradu\u00e7\u00e3o de Maria Armanda Saint-Maurice Esteves<\/p>\n<p>Ano de edi\u00e7\u00e3o: 1994<\/p>\n<p>Editor: Temas da Actualidade, S.A.<\/p>\n<p>Idioma: Portugu\u00eas<\/p>\n<p>Dimens\u00f5es: 14 x 1.6 x 22cm<\/p>\n<p>Encaderna\u00e7\u00e3o: Capa mole<\/p>\n<p>P\u00e1ginas: 212<\/p>\n","protected":false},"excerpt":{"rendered":"<p>ATRAVESSAR O LIMIAR DE ESPERAN\u00c7A \u2013 Jo\u00e3o Paulo II Editado por Vittorio Messori Tradu\u00e7\u00e3o de Maria Armanda Saint-Maurice Esteves Ano de edi\u00e7\u00e3o: 1994 Editor: Temas da Actualidade, S.A. Idioma: Portugu\u00eas Dimens\u00f5es: 14 x 1.6 x 22cm Encaderna\u00e7\u00e3o: Capa mole P\u00e1ginas: 212<\/p>\n","protected":false},"featured_media":4063,"comment_status":"open","ping_status":"closed","template":"","meta":{"om_disable_all_campaigns":false,"_monsterinsights_skip_tracking":false,"_monsterinsights_sitenote_active":false,"_monsterinsights_sitenote_note":"","_monsterinsights_sitenote_category":0,"_uf_show_specific_survey":0,"_uf_disable_surveys":false},"product_cat":[33],"product_tag":[],"aioseo_notices":[],"jetpack_sharing_enabled":true,"_links":{"self":[{"href":"https:\/\/casadolivreiro.pt\/index.php\/wp-json\/wp\/v2\/product\/4062"}],"collection":[{"href":"https:\/\/casadolivreiro.pt\/index.php\/wp-json\/wp\/v2\/product"}],"about":[{"href":"https:\/\/casadolivreiro.pt\/index.php\/wp-json\/wp\/v2\/types\/product"}],"replies":[{"embeddable":true,"href":"https:\/\/casadolivreiro.pt\/index.php\/wp-json\/wp\/v2\/comments?post=4062"}],"wp:featuredmedia":[{"embeddable":true,"href":"https:\/\/casadolivreiro.pt\/index.php\/wp-json\/wp\/v2\/media\/4063"}],"wp:attachment":[{"href":"https:\/\/casadolivreiro.pt\/index.php\/wp-json\/wp\/v2\/media?parent=4062"}],"wp:term":[{"taxonomy":"product_cat","embeddable":true,"href":"https:\/\/casadolivreiro.pt\/index.php\/wp-json\/wp\/v2\/product_cat?post=4062"},{"taxonomy":"product_tag","embeddable":true,"href":"https:\/\/casadolivreiro.pt\/index.php\/wp-json\/wp\/v2\/product_tag?post=4062"}],"curies":[{"name":"wp","href":"https:\/\/api.w.org\/{rel}","templated":true}]}}