{"id":4058,"date":"2025-04-02T14:15:55","date_gmt":"2025-04-02T14:15:55","guid":{"rendered":"https:\/\/casadolivreiro.pt\/?post_type=product&#038;p=4058"},"modified":"2025-04-02T14:15:55","modified_gmt":"2025-04-02T14:15:55","slug":"um-lugar-chamado-missao-cronicas-de-viagem-fernando-domingues","status":"publish","type":"product","link":"https:\/\/casadolivreiro.pt\/index.php\/product\/um-lugar-chamado-missao-cronicas-de-viagem-fernando-domingues\/","title":{"rendered":"UM LUGAR CHAMADO MISS\u00c3O: Cr\u00f3nicas de viagem \u2013 Fernando Domingues"},"content":{"rendered":"<p>UM LUGAR CHAMADO MISS\u00c3O: Cr\u00f3nicas de viagem \u2013 Fernando Domingues<\/p>\n<p>Ano de edi\u00e7\u00e3o: 2017, 1.\u00aa edi\u00e7\u00e3o<\/p>\n<p>Editor: Al\u00e9m-Mar<\/p>\n<p>Idioma: Portugu\u00eas<\/p>\n<p>Dimens\u00f5es: 13 x 1.3 x 20cm<\/p>\n<p>Encaderna\u00e7\u00e3o: Capa mole<\/p>\n<p>P\u00e1ginas: 163<\/p>\n","protected":false},"excerpt":{"rendered":"<p>UM LUGAR CHAMADO MISS\u00c3O: Cr\u00f3nicas de viagem \u2013 Fernando Domingues Ano de edi\u00e7\u00e3o: 2017, 1.\u00aa edi\u00e7\u00e3o Editor: Al\u00e9m-Mar Idioma: Portugu\u00eas Dimens\u00f5es: 13 x 1.3 x 20cm Encaderna\u00e7\u00e3o: Capa mole P\u00e1ginas: 163<\/p>\n","protected":false},"featured_media":4059,"comment_status":"open","ping_status":"closed","template":"","meta":{"om_disable_all_campaigns":false,"_monsterinsights_skip_tracking":false,"_monsterinsights_sitenote_active":false,"_monsterinsights_sitenote_note":"","_monsterinsights_sitenote_category":0,"_uf_show_specific_survey":0,"_uf_disable_surveys":false},"product_cat":[33],"product_tag":[],"aioseo_notices":[],"jetpack_sharing_enabled":true,"_links":{"self":[{"href":"https:\/\/casadolivreiro.pt\/index.php\/wp-json\/wp\/v2\/product\/4058"}],"collection":[{"href":"https:\/\/casadolivreiro.pt\/index.php\/wp-json\/wp\/v2\/product"}],"about":[{"href":"https:\/\/casadolivreiro.pt\/index.php\/wp-json\/wp\/v2\/types\/product"}],"replies":[{"embeddable":true,"href":"https:\/\/casadolivreiro.pt\/index.php\/wp-json\/wp\/v2\/comments?post=4058"}],"wp:featuredmedia":[{"embeddable":true,"href":"https:\/\/casadolivreiro.pt\/index.php\/wp-json\/wp\/v2\/media\/4059"}],"wp:attachment":[{"href":"https:\/\/casadolivreiro.pt\/index.php\/wp-json\/wp\/v2\/media?parent=4058"}],"wp:term":[{"taxonomy":"product_cat","embeddable":true,"href":"https:\/\/casadolivreiro.pt\/index.php\/wp-json\/wp\/v2\/product_cat?post=4058"},{"taxonomy":"product_tag","embeddable":true,"href":"https:\/\/casadolivreiro.pt\/index.php\/wp-json\/wp\/v2\/product_tag?post=4058"}],"curies":[{"name":"wp","href":"https:\/\/api.w.org\/{rel}","templated":true}]}}