{"id":4056,"date":"2025-04-02T14:09:55","date_gmt":"2025-04-02T14:09:55","guid":{"rendered":"https:\/\/casadolivreiro.pt\/?post_type=product&#038;p=4056"},"modified":"2025-04-02T14:09:55","modified_gmt":"2025-04-02T14:09:55","slug":"o-poder-teloculto-a-espantosa-nova-maneira-de-aceder-as-maravilhas-do-mundo-psiquico-e-oculto-reese-p-dubin","status":"publish","type":"product","link":"https:\/\/casadolivreiro.pt\/index.php\/product\/o-poder-teloculto-a-espantosa-nova-maneira-de-aceder-as-maravilhas-do-mundo-psiquico-e-oculto-reese-p-dubin\/","title":{"rendered":"O PODER TELOCULTO: A Espantosa Nova Maneira de Aceder \u00e0s Maravilhas do Mundo Ps\u00edquico e Oculto \u2013 Reese P. Dubin"},"content":{"rendered":"<p>O PODER TELOCULTO: A Espantosa Nova Maneira de Aceder \u00e0s Maravilhas do Mundo Ps\u00edquico e Oculto \u2013 Reese P. Dubin<\/p>\n<p>Tradu\u00e7\u00e3o: R. Fonseca<\/p>\n<p>Ano de edi\u00e7\u00e3o: 1988<\/p>\n<p>Editor: Difus\u00e3o Geral, Lda.<\/p>\n<p>Idioma: Portugu\u00eas<\/p>\n<p>Dimens\u00f5es: 15 x 1 x 21cm<\/p>\n<p>Encaderna\u00e7\u00e3o: Capa mole<\/p>\n<p>P\u00e1ginas: 201<\/p>\n","protected":false},"excerpt":{"rendered":"<p>O PODER TELOCULTO: A Espantosa Nova Maneira de Aceder \u00e0s Maravilhas do Mundo Ps\u00edquico e Oculto \u2013 Reese P. Dubin Tradu\u00e7\u00e3o: R. Fonseca Ano de edi\u00e7\u00e3o: 1988 Editor: Difus\u00e3o Geral, Lda. Idioma: Portugu\u00eas Dimens\u00f5es: 15 x 1 x 21cm Encaderna\u00e7\u00e3o: Capa mole P\u00e1ginas: 201<\/p>\n","protected":false},"featured_media":4057,"comment_status":"open","ping_status":"closed","template":"","meta":{"om_disable_all_campaigns":false,"_monsterinsights_skip_tracking":false,"_monsterinsights_sitenote_active":false,"_monsterinsights_sitenote_note":"","_monsterinsights_sitenote_category":0,"_uf_show_specific_survey":0,"_uf_disable_surveys":false},"product_cat":[33,59],"product_tag":[],"aioseo_notices":[],"jetpack_sharing_enabled":true,"_links":{"self":[{"href":"https:\/\/casadolivreiro.pt\/index.php\/wp-json\/wp\/v2\/product\/4056"}],"collection":[{"href":"https:\/\/casadolivreiro.pt\/index.php\/wp-json\/wp\/v2\/product"}],"about":[{"href":"https:\/\/casadolivreiro.pt\/index.php\/wp-json\/wp\/v2\/types\/product"}],"replies":[{"embeddable":true,"href":"https:\/\/casadolivreiro.pt\/index.php\/wp-json\/wp\/v2\/comments?post=4056"}],"wp:featuredmedia":[{"embeddable":true,"href":"https:\/\/casadolivreiro.pt\/index.php\/wp-json\/wp\/v2\/media\/4057"}],"wp:attachment":[{"href":"https:\/\/casadolivreiro.pt\/index.php\/wp-json\/wp\/v2\/media?parent=4056"}],"wp:term":[{"taxonomy":"product_cat","embeddable":true,"href":"https:\/\/casadolivreiro.pt\/index.php\/wp-json\/wp\/v2\/product_cat?post=4056"},{"taxonomy":"product_tag","embeddable":true,"href":"https:\/\/casadolivreiro.pt\/index.php\/wp-json\/wp\/v2\/product_tag?post=4056"}],"curies":[{"name":"wp","href":"https:\/\/api.w.org\/{rel}","templated":true}]}}