{"id":4053,"date":"2025-04-01T15:03:07","date_gmt":"2025-04-01T15:03:07","guid":{"rendered":"https:\/\/casadolivreiro.pt\/?post_type=product&#038;p=4053"},"modified":"2025-04-01T15:03:07","modified_gmt":"2025-04-01T15:03:07","slug":"formula-1-2004-jose-miguel-barros","status":"publish","type":"product","link":"https:\/\/casadolivreiro.pt\/index.php\/product\/formula-1-2004-jose-miguel-barros\/","title":{"rendered":"F\u00d3RMULA 1 2004 \u2013 Jos\u00e9 Miguel Barros"},"content":{"rendered":"<p>F\u00d3RMULA 1 2004 \u2013 Jos\u00e9 Miguel Barros<\/p>\n<p>Ano de edi\u00e7\u00e3o: 2004<\/p>\n<p>Editor: V 12 Edi\u00e7\u00f5es e Publica\u00e7\u00f5es, Lda.<\/p>\n<p>Idioma: Portugu\u00eas<\/p>\n<p>Dimens\u00f5es: 22 x 2 x 30.5 cm<\/p>\n<p>Encaderna\u00e7\u00e3o: Capa dura<\/p>\n<p>P\u00e1ginas: 241<\/p>\n","protected":false},"excerpt":{"rendered":"<p>F\u00d3RMULA 1 2004 \u2013 Jos\u00e9 Miguel Barros Ano de edi\u00e7\u00e3o: 2004 Editor: V 12 Edi\u00e7\u00f5es e Publica\u00e7\u00f5es, Lda. Idioma: Portugu\u00eas Dimens\u00f5es: 22 x 2 x 30.5 cm Encaderna\u00e7\u00e3o: Capa dura P\u00e1ginas: 241<\/p>\n","protected":false},"featured_media":4054,"comment_status":"open","ping_status":"closed","template":"","meta":{"om_disable_all_campaigns":false,"_monsterinsights_skip_tracking":false,"_monsterinsights_sitenote_active":false,"_monsterinsights_sitenote_note":"","_monsterinsights_sitenote_category":0,"_uf_show_specific_survey":0,"_uf_disable_surveys":false},"product_cat":[39],"product_tag":[],"aioseo_notices":[],"jetpack_sharing_enabled":true,"_links":{"self":[{"href":"https:\/\/casadolivreiro.pt\/index.php\/wp-json\/wp\/v2\/product\/4053"}],"collection":[{"href":"https:\/\/casadolivreiro.pt\/index.php\/wp-json\/wp\/v2\/product"}],"about":[{"href":"https:\/\/casadolivreiro.pt\/index.php\/wp-json\/wp\/v2\/types\/product"}],"replies":[{"embeddable":true,"href":"https:\/\/casadolivreiro.pt\/index.php\/wp-json\/wp\/v2\/comments?post=4053"}],"wp:featuredmedia":[{"embeddable":true,"href":"https:\/\/casadolivreiro.pt\/index.php\/wp-json\/wp\/v2\/media\/4054"}],"wp:attachment":[{"href":"https:\/\/casadolivreiro.pt\/index.php\/wp-json\/wp\/v2\/media?parent=4053"}],"wp:term":[{"taxonomy":"product_cat","embeddable":true,"href":"https:\/\/casadolivreiro.pt\/index.php\/wp-json\/wp\/v2\/product_cat?post=4053"},{"taxonomy":"product_tag","embeddable":true,"href":"https:\/\/casadolivreiro.pt\/index.php\/wp-json\/wp\/v2\/product_tag?post=4053"}],"curies":[{"name":"wp","href":"https:\/\/api.w.org\/{rel}","templated":true}]}}