{"id":4041,"date":"2025-04-01T14:09:52","date_gmt":"2025-04-01T14:09:52","guid":{"rendered":"https:\/\/casadolivreiro.pt\/?post_type=product&#038;p=4041"},"modified":"2025-04-01T14:09:52","modified_gmt":"2025-04-01T14:09:52","slug":"gente-de-fora-ca-dentro-domingos-andrade-ivete-carneiro-jose-queiros","status":"publish","type":"product","link":"https:\/\/casadolivreiro.pt\/index.php\/product\/gente-de-fora-ca-dentro-domingos-andrade-ivete-carneiro-jose-queiros\/","title":{"rendered":"GENTE DE FORA C\u00c1 DENTRO &#8211; Domingos Andrade, Ivete Carneiro, Jos\u00e9 Queir\u00f3s."},"content":{"rendered":"<p>GENTE DE FORA C\u00c1 DENTRO &#8211; Domingos Andrade, Ivete Carneiro, Jos\u00e9 Queir\u00f3s.<\/p>\n<p>Ano de edi\u00e7\u00e3o: 2002<\/p>\n<p>Editor: Jornal de Not\u00edcias<\/p>\n<p>Idioma: Portugu\u00eas<\/p>\n<p>Dimens\u00f5es: 21.5 x 0.8 x 30 cm<\/p>\n<p>Encaderna\u00e7\u00e3o: Capa dura<\/p>\n<p>P\u00e1ginas: 71<\/p>\n","protected":false},"excerpt":{"rendered":"<p>GENTE DE FORA C\u00c1 DENTRO &#8211; Domingos Andrade, Ivete Carneiro, Jos\u00e9 Queir\u00f3s. Ano de edi\u00e7\u00e3o: 2002 Editor: Jornal de Not\u00edcias Idioma: Portugu\u00eas Dimens\u00f5es: 21.5 x 0.8 x 30 cm Encaderna\u00e7\u00e3o: Capa dura P\u00e1ginas: 71<\/p>\n","protected":false},"featured_media":4042,"comment_status":"open","ping_status":"closed","template":"","meta":{"om_disable_all_campaigns":false,"_monsterinsights_skip_tracking":false,"_monsterinsights_sitenote_active":false,"_monsterinsights_sitenote_note":"","_monsterinsights_sitenote_category":0,"_uf_show_specific_survey":0,"_uf_disable_surveys":false},"product_cat":[31],"product_tag":[],"aioseo_notices":[],"jetpack_sharing_enabled":true,"_links":{"self":[{"href":"https:\/\/casadolivreiro.pt\/index.php\/wp-json\/wp\/v2\/product\/4041"}],"collection":[{"href":"https:\/\/casadolivreiro.pt\/index.php\/wp-json\/wp\/v2\/product"}],"about":[{"href":"https:\/\/casadolivreiro.pt\/index.php\/wp-json\/wp\/v2\/types\/product"}],"replies":[{"embeddable":true,"href":"https:\/\/casadolivreiro.pt\/index.php\/wp-json\/wp\/v2\/comments?post=4041"}],"wp:featuredmedia":[{"embeddable":true,"href":"https:\/\/casadolivreiro.pt\/index.php\/wp-json\/wp\/v2\/media\/4042"}],"wp:attachment":[{"href":"https:\/\/casadolivreiro.pt\/index.php\/wp-json\/wp\/v2\/media?parent=4041"}],"wp:term":[{"taxonomy":"product_cat","embeddable":true,"href":"https:\/\/casadolivreiro.pt\/index.php\/wp-json\/wp\/v2\/product_cat?post=4041"},{"taxonomy":"product_tag","embeddable":true,"href":"https:\/\/casadolivreiro.pt\/index.php\/wp-json\/wp\/v2\/product_tag?post=4041"}],"curies":[{"name":"wp","href":"https:\/\/api.w.org\/{rel}","templated":true}]}}