{"id":4039,"date":"2025-04-01T13:58:48","date_gmt":"2025-04-01T13:58:48","guid":{"rendered":"https:\/\/casadolivreiro.pt\/?post_type=product&#038;p=4039"},"modified":"2025-04-01T13:58:48","modified_gmt":"2025-04-01T13:58:48","slug":"tabaqueira-mecenato-social","status":"publish","type":"product","link":"https:\/\/casadolivreiro.pt\/index.php\/product\/tabaqueira-mecenato-social\/","title":{"rendered":"TABAQUEIRA: MECENATO SOCIAL"},"content":{"rendered":"<p>TABAQUEIRA: MECENATO SOCIAL<\/p>\n<p>Tradu\u00e7\u00e3o de Christine Robinson<\/p>\n<p>Ano de edi\u00e7\u00e3o: 2011<\/p>\n<p>Editor: Dois Elementos<\/p>\n<p>Idioma: Portugu\u00eas<\/p>\n<p>Dimens\u00f5es: 23.8 x 1.5 x 26.5 cm<\/p>\n<p>Encaderna\u00e7\u00e3o: Capa mole<\/p>\n<p>P\u00e1ginas: 93<\/p>\n","protected":false},"excerpt":{"rendered":"<p>TABAQUEIRA: MECENATO SOCIAL Tradu\u00e7\u00e3o de Christine Robinson Ano de edi\u00e7\u00e3o: 2011 Editor: Dois Elementos Idioma: Portugu\u00eas Dimens\u00f5es: 23.8 x 1.5 x 26.5 cm Encaderna\u00e7\u00e3o: Capa mole P\u00e1ginas: 93<\/p>\n","protected":false},"featured_media":4040,"comment_status":"open","ping_status":"closed","template":"","meta":{"om_disable_all_campaigns":false,"_monsterinsights_skip_tracking":false,"_monsterinsights_sitenote_active":false,"_monsterinsights_sitenote_note":"","_monsterinsights_sitenote_category":0,"_uf_show_specific_survey":0,"_uf_disable_surveys":false},"product_cat":[41,49],"product_tag":[],"aioseo_notices":[],"jetpack_sharing_enabled":true,"_links":{"self":[{"href":"https:\/\/casadolivreiro.pt\/index.php\/wp-json\/wp\/v2\/product\/4039"}],"collection":[{"href":"https:\/\/casadolivreiro.pt\/index.php\/wp-json\/wp\/v2\/product"}],"about":[{"href":"https:\/\/casadolivreiro.pt\/index.php\/wp-json\/wp\/v2\/types\/product"}],"replies":[{"embeddable":true,"href":"https:\/\/casadolivreiro.pt\/index.php\/wp-json\/wp\/v2\/comments?post=4039"}],"wp:featuredmedia":[{"embeddable":true,"href":"https:\/\/casadolivreiro.pt\/index.php\/wp-json\/wp\/v2\/media\/4040"}],"wp:attachment":[{"href":"https:\/\/casadolivreiro.pt\/index.php\/wp-json\/wp\/v2\/media?parent=4039"}],"wp:term":[{"taxonomy":"product_cat","embeddable":true,"href":"https:\/\/casadolivreiro.pt\/index.php\/wp-json\/wp\/v2\/product_cat?post=4039"},{"taxonomy":"product_tag","embeddable":true,"href":"https:\/\/casadolivreiro.pt\/index.php\/wp-json\/wp\/v2\/product_tag?post=4039"}],"curies":[{"name":"wp","href":"https:\/\/api.w.org\/{rel}","templated":true}]}}