{"id":4035,"date":"2025-04-01T13:03:29","date_gmt":"2025-04-01T13:03:29","guid":{"rendered":"https:\/\/casadolivreiro.pt\/?post_type=product&#038;p=4035"},"modified":"2025-04-01T13:03:29","modified_gmt":"2025-04-01T13:03:29","slug":"o-povo-brasileiro-a-formacao-e-o-sentido-do-brasil-darcy-ribeiro","status":"publish","type":"product","link":"https:\/\/casadolivreiro.pt\/index.php\/product\/o-povo-brasileiro-a-formacao-e-o-sentido-do-brasil-darcy-ribeiro\/","title":{"rendered":"O POVO BRASILEIRO: A forma\u00e7\u00e3o e o sentido do Brasil \u2013 Darcy Ribeiro"},"content":{"rendered":"<p>O POVO BRASILEIRO: A forma\u00e7\u00e3o e o sentido do Brasil \u2013 Darcy Ribeiro<\/p>\n<p>Ano de edi\u00e7\u00e3o: 1999<\/p>\n<p>Editor: Companhia Das Letras<\/p>\n<p>Idioma: Portugu\u00eas<\/p>\n<p>Dimens\u00f5es: 13.8 x 2.7 x 20.8 cm<\/p>\n<p>Encaderna\u00e7\u00e3o: Capa mole<\/p>\n<p>P\u00e1ginas: 476<\/p>\n","protected":false},"excerpt":{"rendered":"<p>O POVO BRASILEIRO: A forma\u00e7\u00e3o e o sentido do Brasil \u2013 Darcy Ribeiro Ano de edi\u00e7\u00e3o: 1999 Editor: Companhia Das Letras Idioma: Portugu\u00eas Dimens\u00f5es: 13.8 x 2.7 x 20.8 cm Encaderna\u00e7\u00e3o: Capa mole P\u00e1ginas: 476<\/p>\n","protected":false},"featured_media":4036,"comment_status":"open","ping_status":"closed","template":"","meta":{"om_disable_all_campaigns":false,"_monsterinsights_skip_tracking":false,"_monsterinsights_sitenote_active":false,"_monsterinsights_sitenote_note":"","_monsterinsights_sitenote_category":0,"_uf_show_specific_survey":0,"_uf_disable_surveys":false},"product_cat":[31,30,51],"product_tag":[],"aioseo_notices":[],"jetpack_sharing_enabled":true,"_links":{"self":[{"href":"https:\/\/casadolivreiro.pt\/index.php\/wp-json\/wp\/v2\/product\/4035"}],"collection":[{"href":"https:\/\/casadolivreiro.pt\/index.php\/wp-json\/wp\/v2\/product"}],"about":[{"href":"https:\/\/casadolivreiro.pt\/index.php\/wp-json\/wp\/v2\/types\/product"}],"replies":[{"embeddable":true,"href":"https:\/\/casadolivreiro.pt\/index.php\/wp-json\/wp\/v2\/comments?post=4035"}],"wp:featuredmedia":[{"embeddable":true,"href":"https:\/\/casadolivreiro.pt\/index.php\/wp-json\/wp\/v2\/media\/4036"}],"wp:attachment":[{"href":"https:\/\/casadolivreiro.pt\/index.php\/wp-json\/wp\/v2\/media?parent=4035"}],"wp:term":[{"taxonomy":"product_cat","embeddable":true,"href":"https:\/\/casadolivreiro.pt\/index.php\/wp-json\/wp\/v2\/product_cat?post=4035"},{"taxonomy":"product_tag","embeddable":true,"href":"https:\/\/casadolivreiro.pt\/index.php\/wp-json\/wp\/v2\/product_tag?post=4035"}],"curies":[{"name":"wp","href":"https:\/\/api.w.org\/{rel}","templated":true}]}}