{"id":4033,"date":"2025-04-01T12:52:44","date_gmt":"2025-04-01T12:52:44","guid":{"rendered":"https:\/\/casadolivreiro.pt\/?post_type=product&#038;p=4033"},"modified":"2025-04-01T12:52:44","modified_gmt":"2025-04-01T12:52:44","slug":"coreia-nova-etapa-de-progresso-aderito-lopes","status":"publish","type":"product","link":"https:\/\/casadolivreiro.pt\/index.php\/product\/coreia-nova-etapa-de-progresso-aderito-lopes\/","title":{"rendered":"COREIA: NOVA ETAPA DE PROGRESSO \u2013 Ad\u00e9rito Lopes"},"content":{"rendered":"<p>COREIA: NOVA ETAPA DE PROGRESSO \u2013 Ad\u00e9rito Lopes<\/p>\n<p>Ano de edi\u00e7\u00e3o: 1984<\/p>\n<p>Editor: Edi\u00e7\u00e3o de Autor<\/p>\n<p>Idioma: Portugu\u00eas<\/p>\n<p>Dimens\u00f5es: 13.5 x 0.7 x 20.5 cm<\/p>\n<p>Encaderna\u00e7\u00e3o: Capa mole<\/p>\n<p>P\u00e1ginas: 124<\/p>\n","protected":false},"excerpt":{"rendered":"<p>COREIA: NOVA ETAPA DE PROGRESSO \u2013 Ad\u00e9rito Lopes Ano de edi\u00e7\u00e3o: 1984 Editor: Edi\u00e7\u00e3o de Autor Idioma: Portugu\u00eas Dimens\u00f5es: 13.5 x 0.7 x 20.5 cm Encaderna\u00e7\u00e3o: Capa mole P\u00e1ginas: 124<\/p>\n","protected":false},"featured_media":4034,"comment_status":"open","ping_status":"closed","template":"","meta":{"om_disable_all_campaigns":false,"_monsterinsights_skip_tracking":false,"_monsterinsights_sitenote_active":false,"_monsterinsights_sitenote_note":"","_monsterinsights_sitenote_category":0,"_uf_show_specific_survey":0,"_uf_disable_surveys":false},"product_cat":[31,51],"product_tag":[],"aioseo_notices":[],"jetpack_sharing_enabled":true,"_links":{"self":[{"href":"https:\/\/casadolivreiro.pt\/index.php\/wp-json\/wp\/v2\/product\/4033"}],"collection":[{"href":"https:\/\/casadolivreiro.pt\/index.php\/wp-json\/wp\/v2\/product"}],"about":[{"href":"https:\/\/casadolivreiro.pt\/index.php\/wp-json\/wp\/v2\/types\/product"}],"replies":[{"embeddable":true,"href":"https:\/\/casadolivreiro.pt\/index.php\/wp-json\/wp\/v2\/comments?post=4033"}],"wp:featuredmedia":[{"embeddable":true,"href":"https:\/\/casadolivreiro.pt\/index.php\/wp-json\/wp\/v2\/media\/4034"}],"wp:attachment":[{"href":"https:\/\/casadolivreiro.pt\/index.php\/wp-json\/wp\/v2\/media?parent=4033"}],"wp:term":[{"taxonomy":"product_cat","embeddable":true,"href":"https:\/\/casadolivreiro.pt\/index.php\/wp-json\/wp\/v2\/product_cat?post=4033"},{"taxonomy":"product_tag","embeddable":true,"href":"https:\/\/casadolivreiro.pt\/index.php\/wp-json\/wp\/v2\/product_tag?post=4033"}],"curies":[{"name":"wp","href":"https:\/\/api.w.org\/{rel}","templated":true}]}}