{"id":4031,"date":"2025-04-01T12:42:45","date_gmt":"2025-04-01T12:42:45","guid":{"rendered":"https:\/\/casadolivreiro.pt\/?post_type=product&#038;p=4031"},"modified":"2025-04-01T12:42:45","modified_gmt":"2025-04-01T12:42:45","slug":"gamal-abd-el-nasser-jack-daumal-marie-leroy","status":"publish","type":"product","link":"https:\/\/casadolivreiro.pt\/index.php\/product\/gamal-abd-el-nasser-jack-daumal-marie-leroy\/","title":{"rendered":"GAMAL ABD-EL-NASSER  &#8211; Jack Daumal, Marie Leroy"},"content":{"rendered":"<p>GAMAL ABD-EL-NASSER \u00a0&#8211; Jack Daumal, Marie Leroy<\/p>\n<p>Tradu\u00e7\u00e3o de:<\/p>\n<p>Ano de edi\u00e7\u00e3o: 1971<\/p>\n<p>Editor: Paisagem, Porto<\/p>\n<p>Idioma: Portugu\u00eas<\/p>\n<p>Dimens\u00f5es: 13 x 2.2 x 20.5 cm<\/p>\n<p>Encaderna\u00e7\u00e3o: Capa mole<\/p>\n<p>P\u00e1ginas: 338<\/p>\n","protected":false},"excerpt":{"rendered":"<p>GAMAL ABD-EL-NASSER \u00a0&#8211; Jack Daumal, Marie Leroy Tradu\u00e7\u00e3o de: Ano de edi\u00e7\u00e3o: 1971 Editor: Paisagem, Porto Idioma: Portugu\u00eas Dimens\u00f5es: 13 x 2.2 x 20.5 cm Encaderna\u00e7\u00e3o: Capa mole P\u00e1ginas: 338<\/p>\n","protected":false},"featured_media":4032,"comment_status":"open","ping_status":"closed","template":"","meta":{"om_disable_all_campaigns":false,"_monsterinsights_skip_tracking":false,"_monsterinsights_sitenote_active":false,"_monsterinsights_sitenote_note":"","_monsterinsights_sitenote_category":0,"_uf_show_specific_survey":0,"_uf_disable_surveys":false},"product_cat":[28,30,51],"product_tag":[],"aioseo_notices":[],"jetpack_sharing_enabled":true,"_links":{"self":[{"href":"https:\/\/casadolivreiro.pt\/index.php\/wp-json\/wp\/v2\/product\/4031"}],"collection":[{"href":"https:\/\/casadolivreiro.pt\/index.php\/wp-json\/wp\/v2\/product"}],"about":[{"href":"https:\/\/casadolivreiro.pt\/index.php\/wp-json\/wp\/v2\/types\/product"}],"replies":[{"embeddable":true,"href":"https:\/\/casadolivreiro.pt\/index.php\/wp-json\/wp\/v2\/comments?post=4031"}],"wp:featuredmedia":[{"embeddable":true,"href":"https:\/\/casadolivreiro.pt\/index.php\/wp-json\/wp\/v2\/media\/4032"}],"wp:attachment":[{"href":"https:\/\/casadolivreiro.pt\/index.php\/wp-json\/wp\/v2\/media?parent=4031"}],"wp:term":[{"taxonomy":"product_cat","embeddable":true,"href":"https:\/\/casadolivreiro.pt\/index.php\/wp-json\/wp\/v2\/product_cat?post=4031"},{"taxonomy":"product_tag","embeddable":true,"href":"https:\/\/casadolivreiro.pt\/index.php\/wp-json\/wp\/v2\/product_tag?post=4031"}],"curies":[{"name":"wp","href":"https:\/\/api.w.org\/{rel}","templated":true}]}}