{"id":4021,"date":"2025-04-01T12:04:36","date_gmt":"2025-04-01T12:04:36","guid":{"rendered":"https:\/\/casadolivreiro.pt\/?post_type=product&#038;p=4021"},"modified":"2025-04-01T12:04:36","modified_gmt":"2025-04-01T12:04:36","slug":"a-vida-quotidiana-no-mundo-moderno-henri-lefebvre","status":"publish","type":"product","link":"https:\/\/casadolivreiro.pt\/index.php\/product\/a-vida-quotidiana-no-mundo-moderno-henri-lefebvre\/","title":{"rendered":"A VIDA QUOTIDIANA NO MUNDO MODERNO \u2013 Henri Lef\u00e9bvre"},"content":{"rendered":"<p>A VIDA QUOTIDIANA NO MUNDO MODERNO \u2013 Henri Lef\u00e9bvre<\/p>\n<p>Tradu\u00e7\u00e3o de Jorge Alvarez<\/p>\n<p>Biblioteca Id\u00e9ias Contempor\u00e2neas #6<\/p>\n<p>Ano de edi\u00e7\u00e3o: 1969<\/p>\n<p>Editor: Editora Ulisseia<\/p>\n<p>Idioma: Portugu\u00eas<\/p>\n<p>Dimens\u00f5es: 13.2 x 1.7 x 19.5 cm<\/p>\n<p>Encaderna\u00e7\u00e3o: Capa dura<\/p>\n<p>P\u00e1ginas: 277<\/p>\n","protected":false},"excerpt":{"rendered":"<p>A VIDA QUOTIDIANA NO MUNDO MODERNO \u2013 Henri Lef\u00e9bvre Tradu\u00e7\u00e3o de Jorge Alvarez Biblioteca Id\u00e9ias Contempor\u00e2neas #6 Ano de edi\u00e7\u00e3o: 1969 Editor: Editora Ulisseia Idioma: Portugu\u00eas Dimens\u00f5es: 13.2 x 1.7 x 19.5 cm Encaderna\u00e7\u00e3o: Capa dura P\u00e1ginas: 277<\/p>\n","protected":false},"featured_media":4022,"comment_status":"open","ping_status":"closed","template":"","meta":{"om_disable_all_campaigns":false,"_monsterinsights_skip_tracking":false,"_monsterinsights_sitenote_active":false,"_monsterinsights_sitenote_note":"","_monsterinsights_sitenote_category":0,"_uf_show_specific_survey":0,"_uf_disable_surveys":false},"product_cat":[31],"product_tag":[],"aioseo_notices":[],"jetpack_sharing_enabled":true,"_links":{"self":[{"href":"https:\/\/casadolivreiro.pt\/index.php\/wp-json\/wp\/v2\/product\/4021"}],"collection":[{"href":"https:\/\/casadolivreiro.pt\/index.php\/wp-json\/wp\/v2\/product"}],"about":[{"href":"https:\/\/casadolivreiro.pt\/index.php\/wp-json\/wp\/v2\/types\/product"}],"replies":[{"embeddable":true,"href":"https:\/\/casadolivreiro.pt\/index.php\/wp-json\/wp\/v2\/comments?post=4021"}],"wp:featuredmedia":[{"embeddable":true,"href":"https:\/\/casadolivreiro.pt\/index.php\/wp-json\/wp\/v2\/media\/4022"}],"wp:attachment":[{"href":"https:\/\/casadolivreiro.pt\/index.php\/wp-json\/wp\/v2\/media?parent=4021"}],"wp:term":[{"taxonomy":"product_cat","embeddable":true,"href":"https:\/\/casadolivreiro.pt\/index.php\/wp-json\/wp\/v2\/product_cat?post=4021"},{"taxonomy":"product_tag","embeddable":true,"href":"https:\/\/casadolivreiro.pt\/index.php\/wp-json\/wp\/v2\/product_tag?post=4021"}],"curies":[{"name":"wp","href":"https:\/\/api.w.org\/{rel}","templated":true}]}}