{"id":4015,"date":"2025-04-01T11:23:53","date_gmt":"2025-04-01T11:23:53","guid":{"rendered":"https:\/\/casadolivreiro.pt\/?post_type=product&#038;p=4015"},"modified":"2025-04-01T11:23:53","modified_gmt":"2025-04-01T11:23:53","slug":"3e-age-guides-pratiques-test-achats","status":"publish","type":"product","link":"https:\/\/casadolivreiro.pt\/index.php\/product\/3e-age-guides-pratiques-test-achats\/","title":{"rendered":"3e \u00c2GE \u2013 GUIDES PRATIQUES TEST ACHATS"},"content":{"rendered":"<p>3e \u00c2GE \u2013 GUIDES PRATIQUES TEST ACHATS<\/p>\n<p>Ano de edi\u00e7\u00e3o: 1977<\/p>\n<p>Editor: L\u2019ASSOCIATION DES CONSOMMATEURS a.s.b.l.<\/p>\n<p>Idioma: Franc\u00eas<\/p>\n<p>Dimens\u00f5es: 13 x 1 x 18 cm<\/p>\n<p>Encaderna\u00e7\u00e3o: Capa mole<\/p>\n<p>P\u00e1ginas: 165<\/p>\n","protected":false},"excerpt":{"rendered":"<p>3e \u00c2GE \u2013 GUIDES PRATIQUES TEST ACHATS Ano de edi\u00e7\u00e3o: 1977 Editor: L\u2019ASSOCIATION DES CONSOMMATEURS a.s.b.l. Idioma: Franc\u00eas Dimens\u00f5es: 13 x 1 x 18 cm Encaderna\u00e7\u00e3o: Capa mole P\u00e1ginas: 165<\/p>\n","protected":false},"featured_media":4016,"comment_status":"open","ping_status":"closed","template":"","meta":{"om_disable_all_campaigns":false,"_monsterinsights_skip_tracking":false,"_monsterinsights_sitenote_active":false,"_monsterinsights_sitenote_note":"","_monsterinsights_sitenote_category":0,"_uf_show_specific_survey":0,"_uf_disable_surveys":false},"product_cat":[31,56,66],"product_tag":[],"aioseo_notices":[],"jetpack_sharing_enabled":true,"_links":{"self":[{"href":"https:\/\/casadolivreiro.pt\/index.php\/wp-json\/wp\/v2\/product\/4015"}],"collection":[{"href":"https:\/\/casadolivreiro.pt\/index.php\/wp-json\/wp\/v2\/product"}],"about":[{"href":"https:\/\/casadolivreiro.pt\/index.php\/wp-json\/wp\/v2\/types\/product"}],"replies":[{"embeddable":true,"href":"https:\/\/casadolivreiro.pt\/index.php\/wp-json\/wp\/v2\/comments?post=4015"}],"wp:featuredmedia":[{"embeddable":true,"href":"https:\/\/casadolivreiro.pt\/index.php\/wp-json\/wp\/v2\/media\/4016"}],"wp:attachment":[{"href":"https:\/\/casadolivreiro.pt\/index.php\/wp-json\/wp\/v2\/media?parent=4015"}],"wp:term":[{"taxonomy":"product_cat","embeddable":true,"href":"https:\/\/casadolivreiro.pt\/index.php\/wp-json\/wp\/v2\/product_cat?post=4015"},{"taxonomy":"product_tag","embeddable":true,"href":"https:\/\/casadolivreiro.pt\/index.php\/wp-json\/wp\/v2\/product_tag?post=4015"}],"curies":[{"name":"wp","href":"https:\/\/api.w.org\/{rel}","templated":true}]}}