{"id":4013,"date":"2025-04-01T11:10:56","date_gmt":"2025-04-01T11:10:56","guid":{"rendered":"https:\/\/casadolivreiro.pt\/?post_type=product&#038;p=4013"},"modified":"2025-04-01T11:10:56","modified_gmt":"2025-04-01T11:10:56","slug":"jerusalem-a-biografia-volume-1-simon-sebag-montefiore","status":"publish","type":"product","link":"https:\/\/casadolivreiro.pt\/index.php\/product\/jerusalem-a-biografia-volume-1-simon-sebag-montefiore\/","title":{"rendered":"JERUSAL\u00c9M: A Biografia, Volume 1 \u2013 Simon Sebag Montefiore"},"content":{"rendered":"<p>JERUSAL\u00c9M: A Biografia, Volume 1 \u2013 Simon Sebag Montefiore<\/p>\n<p>Tradu\u00e7\u00e3o de Maria Jos\u00e9\u00a0 Figueiredo<\/p>\n<p>Ano de edi\u00e7\u00e3o: 2018<\/p>\n<p>Editor: Al\u00e8theia Editores\u00a0 \u2013 edi\u00e7\u00e3o exclusiva Expresso<\/p>\n<p>Idioma: Portugu\u00eas<\/p>\n<p>Dimens\u00f5es: 13.5 x 1.2 x 19cm<\/p>\n<p>Encaderna\u00e7\u00e3o: Capa mole<\/p>\n<p>P\u00e1ginas: 171<\/p>\n","protected":false},"excerpt":{"rendered":"<p>JERUSAL\u00c9M: A Biografia, Volume 1 \u2013 Simon Sebag Montefiore Tradu\u00e7\u00e3o de Maria Jos\u00e9\u00a0 Figueiredo Ano de edi\u00e7\u00e3o: 2018 Editor: Al\u00e8theia Editores\u00a0 \u2013 edi\u00e7\u00e3o exclusiva Expresso Idioma: Portugu\u00eas Dimens\u00f5es: 13.5 x 1.2 x 19cm Encaderna\u00e7\u00e3o: Capa mole P\u00e1ginas: 171<\/p>\n","protected":false},"featured_media":4014,"comment_status":"open","ping_status":"closed","template":"","meta":{"om_disable_all_campaigns":false,"_monsterinsights_skip_tracking":false,"_monsterinsights_sitenote_active":false,"_monsterinsights_sitenote_note":"","_monsterinsights_sitenote_category":0,"_uf_show_specific_survey":0,"_uf_disable_surveys":false},"product_cat":[30],"product_tag":[],"aioseo_notices":[],"jetpack_sharing_enabled":true,"_links":{"self":[{"href":"https:\/\/casadolivreiro.pt\/index.php\/wp-json\/wp\/v2\/product\/4013"}],"collection":[{"href":"https:\/\/casadolivreiro.pt\/index.php\/wp-json\/wp\/v2\/product"}],"about":[{"href":"https:\/\/casadolivreiro.pt\/index.php\/wp-json\/wp\/v2\/types\/product"}],"replies":[{"embeddable":true,"href":"https:\/\/casadolivreiro.pt\/index.php\/wp-json\/wp\/v2\/comments?post=4013"}],"wp:featuredmedia":[{"embeddable":true,"href":"https:\/\/casadolivreiro.pt\/index.php\/wp-json\/wp\/v2\/media\/4014"}],"wp:attachment":[{"href":"https:\/\/casadolivreiro.pt\/index.php\/wp-json\/wp\/v2\/media?parent=4013"}],"wp:term":[{"taxonomy":"product_cat","embeddable":true,"href":"https:\/\/casadolivreiro.pt\/index.php\/wp-json\/wp\/v2\/product_cat?post=4013"},{"taxonomy":"product_tag","embeddable":true,"href":"https:\/\/casadolivreiro.pt\/index.php\/wp-json\/wp\/v2\/product_tag?post=4013"}],"curies":[{"name":"wp","href":"https:\/\/api.w.org\/{rel}","templated":true}]}}