{"id":4011,"date":"2025-04-01T10:55:56","date_gmt":"2025-04-01T10:55:56","guid":{"rendered":"https:\/\/casadolivreiro.pt\/?post_type=product&#038;p=4011"},"modified":"2025-04-01T10:55:57","modified_gmt":"2025-04-01T10:55:57","slug":"a-igualdade-de-genero-em-portugal-2003-dina-canco","status":"publish","type":"product","link":"https:\/\/casadolivreiro.pt\/index.php\/product\/a-igualdade-de-genero-em-portugal-2003-dina-canco\/","title":{"rendered":"A IGUALDADE DE G\u00c9NERO EM PORTUGAL   2003 \u2013 Dina Can\u00e7o"},"content":{"rendered":"<p>A IGUALDADE DE G\u00c9NERO EM PORTUGAL\u00a0\u00a0 2003 \u2013 Dina Can\u00e7o<\/p>\n<p>Ano de edi\u00e7\u00e3o: 2003<\/p>\n<p>Editor: Comiss\u00e3o para a Igualdade e para os Direitos das Mulheres<\/p>\n<p>Idioma: Portugu\u00eas<\/p>\n<p>Dimens\u00f5es: 14.7 x 1 x 21 cm<\/p>\n<p>Encaderna\u00e7\u00e3o: Capa mole<\/p>\n<p>P\u00e1ginas: 163<\/p>\n","protected":false},"excerpt":{"rendered":"<p>A IGUALDADE DE G\u00c9NERO EM PORTUGAL\u00a0\u00a0 2003 \u2013 Dina Can\u00e7o Ano de edi\u00e7\u00e3o: 2003 Editor: Comiss\u00e3o para a Igualdade e para os Direitos das Mulheres Idioma: Portugu\u00eas Dimens\u00f5es: 14.7 x 1 x 21 cm Encaderna\u00e7\u00e3o: Capa mole P\u00e1ginas: 163<\/p>\n","protected":false},"featured_media":4012,"comment_status":"open","ping_status":"closed","template":"","meta":{"om_disable_all_campaigns":false,"_monsterinsights_skip_tracking":false,"_monsterinsights_sitenote_active":false,"_monsterinsights_sitenote_note":"","_monsterinsights_sitenote_category":0,"_uf_show_specific_survey":0,"_uf_disable_surveys":false},"product_cat":[31,51],"product_tag":[],"aioseo_notices":[],"jetpack_sharing_enabled":true,"_links":{"self":[{"href":"https:\/\/casadolivreiro.pt\/index.php\/wp-json\/wp\/v2\/product\/4011"}],"collection":[{"href":"https:\/\/casadolivreiro.pt\/index.php\/wp-json\/wp\/v2\/product"}],"about":[{"href":"https:\/\/casadolivreiro.pt\/index.php\/wp-json\/wp\/v2\/types\/product"}],"replies":[{"embeddable":true,"href":"https:\/\/casadolivreiro.pt\/index.php\/wp-json\/wp\/v2\/comments?post=4011"}],"wp:featuredmedia":[{"embeddable":true,"href":"https:\/\/casadolivreiro.pt\/index.php\/wp-json\/wp\/v2\/media\/4012"}],"wp:attachment":[{"href":"https:\/\/casadolivreiro.pt\/index.php\/wp-json\/wp\/v2\/media?parent=4011"}],"wp:term":[{"taxonomy":"product_cat","embeddable":true,"href":"https:\/\/casadolivreiro.pt\/index.php\/wp-json\/wp\/v2\/product_cat?post=4011"},{"taxonomy":"product_tag","embeddable":true,"href":"https:\/\/casadolivreiro.pt\/index.php\/wp-json\/wp\/v2\/product_tag?post=4011"}],"curies":[{"name":"wp","href":"https:\/\/api.w.org\/{rel}","templated":true}]}}