{"id":4007,"date":"2025-04-01T10:39:27","date_gmt":"2025-04-01T10:39:27","guid":{"rendered":"https:\/\/casadolivreiro.pt\/?post_type=product&#038;p=4007"},"modified":"2025-04-01T10:39:27","modified_gmt":"2025-04-01T10:39:27","slug":"planeamento-estratexico-e-mercadotecnia-territorial-xose-manuel-souto-gonzalez","status":"publish","type":"product","link":"https:\/\/casadolivreiro.pt\/index.php\/product\/planeamento-estratexico-e-mercadotecnia-territorial-xose-manuel-souto-gonzalez\/","title":{"rendered":"PLANEAMENTO ESTRAT\u00c9XICO E MERCADOTECNIA TERRITORIAL \u2013 Xos\u00e9 Manuel Souto Gonz\u00e1lez"},"content":{"rendered":"<p>PLANEAMENTO ESTRAT\u00c9XICO E MERCADOTECNIA TERRITORIAL \u2013 Xos\u00e9 Manuel Souto Gonz\u00e1lez<\/p>\n<p>Ano de edi\u00e7\u00e3o: 2001<\/p>\n<p>Editor: Eixo Atl\u00e1ntico do Noroeste Peninsular<\/p>\n<p>Idioma: Portugu\u00eas<\/p>\n<p>Dimens\u00f5es: 15 x 0.8 x 20.5 cm<\/p>\n<p>Encaderna\u00e7\u00e3o: Capa mole<\/p>\n<p>P\u00e1ginas: 165<\/p>\n","protected":false},"excerpt":{"rendered":"<p>PLANEAMENTO ESTRAT\u00c9XICO E MERCADOTECNIA TERRITORIAL \u2013 Xos\u00e9 Manuel Souto Gonz\u00e1lez Ano de edi\u00e7\u00e3o: 2001 Editor: Eixo Atl\u00e1ntico do Noroeste Peninsular Idioma: Portugu\u00eas Dimens\u00f5es: 15 x 0.8 x 20.5 cm Encaderna\u00e7\u00e3o: Capa mole P\u00e1ginas: 165<\/p>\n","protected":false},"featured_media":4008,"comment_status":"open","ping_status":"closed","template":"","meta":{"om_disable_all_campaigns":false,"_monsterinsights_skip_tracking":false,"_monsterinsights_sitenote_active":false,"_monsterinsights_sitenote_note":"","_monsterinsights_sitenote_category":0,"_uf_show_specific_survey":0,"_uf_disable_surveys":false},"product_cat":[41],"product_tag":[],"aioseo_notices":[],"jetpack_sharing_enabled":true,"_links":{"self":[{"href":"https:\/\/casadolivreiro.pt\/index.php\/wp-json\/wp\/v2\/product\/4007"}],"collection":[{"href":"https:\/\/casadolivreiro.pt\/index.php\/wp-json\/wp\/v2\/product"}],"about":[{"href":"https:\/\/casadolivreiro.pt\/index.php\/wp-json\/wp\/v2\/types\/product"}],"replies":[{"embeddable":true,"href":"https:\/\/casadolivreiro.pt\/index.php\/wp-json\/wp\/v2\/comments?post=4007"}],"wp:featuredmedia":[{"embeddable":true,"href":"https:\/\/casadolivreiro.pt\/index.php\/wp-json\/wp\/v2\/media\/4008"}],"wp:attachment":[{"href":"https:\/\/casadolivreiro.pt\/index.php\/wp-json\/wp\/v2\/media?parent=4007"}],"wp:term":[{"taxonomy":"product_cat","embeddable":true,"href":"https:\/\/casadolivreiro.pt\/index.php\/wp-json\/wp\/v2\/product_cat?post=4007"},{"taxonomy":"product_tag","embeddable":true,"href":"https:\/\/casadolivreiro.pt\/index.php\/wp-json\/wp\/v2\/product_tag?post=4007"}],"curies":[{"name":"wp","href":"https:\/\/api.w.org\/{rel}","templated":true}]}}