{"id":3993,"date":"2025-03-31T23:11:50","date_gmt":"2025-03-31T23:11:50","guid":{"rendered":"https:\/\/casadolivreiro.pt\/?post_type=product&#038;p=3993"},"modified":"2025-03-31T23:11:50","modified_gmt":"2025-03-31T23:11:50","slug":"ideias-xis-laurinda-alves","status":"publish","type":"product","link":"https:\/\/casadolivreiro.pt\/index.php\/product\/ideias-xis-laurinda-alves\/","title":{"rendered":"IDEIAS XIS \u2013 Laurinda Alves"},"content":{"rendered":"<p>IDEIAS XIS \u2013 Laurinda Alves<\/p>\n<p>Ano de edi\u00e7\u00e3o: 2003<\/p>\n<p>Editor: Oficina do Livro<\/p>\n<p>Idioma: Portugu\u00eas<\/p>\n<p>Dimens\u00f5es: 14.9 x 1.5 x 23cm<\/p>\n<p>Encaderna\u00e7\u00e3o: Capa mole<\/p>\n<p>P\u00e1ginas: 257<\/p>\n","protected":false},"excerpt":{"rendered":"<p>IDEIAS XIS \u2013 Laurinda Alves Ano de edi\u00e7\u00e3o: 2003 Editor: Oficina do Livro Idioma: Portugu\u00eas Dimens\u00f5es: 14.9 x 1.5 x 23cm Encaderna\u00e7\u00e3o: Capa mole P\u00e1ginas: 257<\/p>\n","protected":false},"featured_media":3994,"comment_status":"open","ping_status":"closed","template":"","meta":{"om_disable_all_campaigns":false,"_monsterinsights_skip_tracking":false,"_monsterinsights_sitenote_active":false,"_monsterinsights_sitenote_note":"","_monsterinsights_sitenote_category":0,"_uf_show_specific_survey":0,"_uf_disable_surveys":false},"product_cat":[36],"product_tag":[],"aioseo_notices":[],"jetpack_sharing_enabled":true,"_links":{"self":[{"href":"https:\/\/casadolivreiro.pt\/index.php\/wp-json\/wp\/v2\/product\/3993"}],"collection":[{"href":"https:\/\/casadolivreiro.pt\/index.php\/wp-json\/wp\/v2\/product"}],"about":[{"href":"https:\/\/casadolivreiro.pt\/index.php\/wp-json\/wp\/v2\/types\/product"}],"replies":[{"embeddable":true,"href":"https:\/\/casadolivreiro.pt\/index.php\/wp-json\/wp\/v2\/comments?post=3993"}],"wp:featuredmedia":[{"embeddable":true,"href":"https:\/\/casadolivreiro.pt\/index.php\/wp-json\/wp\/v2\/media\/3994"}],"wp:attachment":[{"href":"https:\/\/casadolivreiro.pt\/index.php\/wp-json\/wp\/v2\/media?parent=3993"}],"wp:term":[{"taxonomy":"product_cat","embeddable":true,"href":"https:\/\/casadolivreiro.pt\/index.php\/wp-json\/wp\/v2\/product_cat?post=3993"},{"taxonomy":"product_tag","embeddable":true,"href":"https:\/\/casadolivreiro.pt\/index.php\/wp-json\/wp\/v2\/product_tag?post=3993"}],"curies":[{"name":"wp","href":"https:\/\/api.w.org\/{rel}","templated":true}]}}