{"id":3991,"date":"2025-03-31T23:05:58","date_gmt":"2025-03-31T23:05:58","guid":{"rendered":"https:\/\/casadolivreiro.pt\/?post_type=product&#038;p=3991"},"modified":"2025-03-31T23:05:58","modified_gmt":"2025-03-31T23:05:58","slug":"cadernos-sociedade-e-trabalho-n-o-11-responsabilidade-social-das-organizacoes","status":"publish","type":"product","link":"https:\/\/casadolivreiro.pt\/index.php\/product\/cadernos-sociedade-e-trabalho-n-o-11-responsabilidade-social-das-organizacoes\/","title":{"rendered":"CADERNOS SOCIEDADE E TRABALHO N.\u00ba 11: RESPONSABILIDADE SOCIAL DAS ORGANIZA\u00c7\u00d5ES"},"content":{"rendered":"<p>CADERNOS SOCIEDADE E TRABALHO N.\u00ba 11: RESPONSABILIDADE SOCIAL DAS ORGANIZA\u00c7\u00d5ES<\/p>\n<p>Ano de edi\u00e7\u00e3o: 2009<\/p>\n<p>Editor: Gabinete de Estrat\u00e9gia e Planeamento (GEP), Minist\u00e9rio do Trabalho e da Solidariedade Social (MTSS)<\/p>\n<p>Idioma: Portugu\u00eas<\/p>\n<p>Dimens\u00f5es: 16.6 x 2.5 x 24cm<\/p>\n<p>Encaderna\u00e7\u00e3o: Capa mole<\/p>\n<p>P\u00e1ginas: 343<\/p>\n","protected":false},"excerpt":{"rendered":"<p>CADERNOS SOCIEDADE E TRABALHO N.\u00ba 11: RESPONSABILIDADE SOCIAL DAS ORGANIZA\u00c7\u00d5ES Ano de edi\u00e7\u00e3o: 2009 Editor: Gabinete de Estrat\u00e9gia e Planeamento (GEP), Minist\u00e9rio do Trabalho e da Solidariedade Social (MTSS) Idioma: Portugu\u00eas Dimens\u00f5es: 16.6 x 2.5 x 24cm Encaderna\u00e7\u00e3o: Capa mole P\u00e1ginas: 343<\/p>\n","protected":false},"featured_media":3992,"comment_status":"open","ping_status":"closed","template":"","meta":{"om_disable_all_campaigns":false,"_monsterinsights_skip_tracking":false,"_monsterinsights_sitenote_active":false,"_monsterinsights_sitenote_note":"","_monsterinsights_sitenote_category":0,"_uf_show_specific_survey":0,"_uf_disable_surveys":false},"product_cat":[31,41],"product_tag":[],"aioseo_notices":[],"jetpack_sharing_enabled":true,"_links":{"self":[{"href":"https:\/\/casadolivreiro.pt\/index.php\/wp-json\/wp\/v2\/product\/3991"}],"collection":[{"href":"https:\/\/casadolivreiro.pt\/index.php\/wp-json\/wp\/v2\/product"}],"about":[{"href":"https:\/\/casadolivreiro.pt\/index.php\/wp-json\/wp\/v2\/types\/product"}],"replies":[{"embeddable":true,"href":"https:\/\/casadolivreiro.pt\/index.php\/wp-json\/wp\/v2\/comments?post=3991"}],"wp:featuredmedia":[{"embeddable":true,"href":"https:\/\/casadolivreiro.pt\/index.php\/wp-json\/wp\/v2\/media\/3992"}],"wp:attachment":[{"href":"https:\/\/casadolivreiro.pt\/index.php\/wp-json\/wp\/v2\/media?parent=3991"}],"wp:term":[{"taxonomy":"product_cat","embeddable":true,"href":"https:\/\/casadolivreiro.pt\/index.php\/wp-json\/wp\/v2\/product_cat?post=3991"},{"taxonomy":"product_tag","embeddable":true,"href":"https:\/\/casadolivreiro.pt\/index.php\/wp-json\/wp\/v2\/product_tag?post=3991"}],"curies":[{"name":"wp","href":"https:\/\/api.w.org\/{rel}","templated":true}]}}