{"id":3989,"date":"2025-03-31T21:09:09","date_gmt":"2025-03-31T21:09:09","guid":{"rendered":"https:\/\/casadolivreiro.pt\/?post_type=product&#038;p=3989"},"modified":"2025-03-31T21:09:09","modified_gmt":"2025-03-31T21:09:09","slug":"ascensao-e-queda-do-euro-jorge-figueiredo","status":"publish","type":"product","link":"https:\/\/casadolivreiro.pt\/index.php\/product\/ascensao-e-queda-do-euro-jorge-figueiredo\/","title":{"rendered":"ASCENS\u00c3O E QUEDA DO EURO \u2013 Jorge Figueiredo"},"content":{"rendered":"<p>ASCENS\u00c3O E QUEDA DO EURO \u2013 Jorge Figueiredo<\/p>\n<p>Ano de edi\u00e7\u00e3o: 2012<\/p>\n<p>Editor: Chiado<\/p>\n<p>Idioma: Portugu\u00eas<\/p>\n<p>Dimens\u00f5es: 13.5 x 3 x 22cm<\/p>\n<p>Encaderna\u00e7\u00e3o: Capa mole<\/p>\n<p>P\u00e1ginas: 351<\/p>\n","protected":false},"excerpt":{"rendered":"<p>ASCENS\u00c3O E QUEDA DO EURO \u2013 Jorge Figueiredo Ano de edi\u00e7\u00e3o: 2012 Editor: Chiado Idioma: Portugu\u00eas Dimens\u00f5es: 13.5 x 3 x 22cm Encaderna\u00e7\u00e3o: Capa mole P\u00e1ginas: 351<\/p>\n","protected":false},"featured_media":3990,"comment_status":"open","ping_status":"closed","template":"","meta":{"om_disable_all_campaigns":false,"_monsterinsights_skip_tracking":false,"_monsterinsights_sitenote_active":false,"_monsterinsights_sitenote_note":"","_monsterinsights_sitenote_category":0,"_uf_show_specific_survey":0,"_uf_disable_surveys":false},"product_cat":[41],"product_tag":[],"aioseo_notices":[],"jetpack_sharing_enabled":true,"_links":{"self":[{"href":"https:\/\/casadolivreiro.pt\/index.php\/wp-json\/wp\/v2\/product\/3989"}],"collection":[{"href":"https:\/\/casadolivreiro.pt\/index.php\/wp-json\/wp\/v2\/product"}],"about":[{"href":"https:\/\/casadolivreiro.pt\/index.php\/wp-json\/wp\/v2\/types\/product"}],"replies":[{"embeddable":true,"href":"https:\/\/casadolivreiro.pt\/index.php\/wp-json\/wp\/v2\/comments?post=3989"}],"wp:featuredmedia":[{"embeddable":true,"href":"https:\/\/casadolivreiro.pt\/index.php\/wp-json\/wp\/v2\/media\/3990"}],"wp:attachment":[{"href":"https:\/\/casadolivreiro.pt\/index.php\/wp-json\/wp\/v2\/media?parent=3989"}],"wp:term":[{"taxonomy":"product_cat","embeddable":true,"href":"https:\/\/casadolivreiro.pt\/index.php\/wp-json\/wp\/v2\/product_cat?post=3989"},{"taxonomy":"product_tag","embeddable":true,"href":"https:\/\/casadolivreiro.pt\/index.php\/wp-json\/wp\/v2\/product_tag?post=3989"}],"curies":[{"name":"wp","href":"https:\/\/api.w.org\/{rel}","templated":true}]}}