{"id":3987,"date":"2025-03-31T21:04:17","date_gmt":"2025-03-31T21:04:17","guid":{"rendered":"https:\/\/casadolivreiro.pt\/?post_type=product&#038;p=3987"},"modified":"2025-03-31T21:04:17","modified_gmt":"2025-03-31T21:04:17","slug":"revista-de-comunicacao-e-linguagens-o-campo-da-semiotica-maria-augusta-babo-e-jose-augusto-mourao","status":"publish","type":"product","link":"https:\/\/casadolivreiro.pt\/index.php\/product\/revista-de-comunicacao-e-linguagens-o-campo-da-semiotica-maria-augusta-babo-e-jose-augusto-mourao\/","title":{"rendered":"REVISTA DE COMUNICA\u00c7\u00c3O E LINGUAGENS: O campo da semi\u00f3tica \u2013 Maria Augusta Babo e Jos\u00e9 Augusto Mour\u00e3o"},"content":{"rendered":"<p>REVISTA DE COMUNICA\u00c7\u00c3O E LINGUAGENS: O campo da semi\u00f3tica \u2013 Maria Augusta Babo e Jos\u00e9 Augusto Mour\u00e3o<\/p>\n<p>Ano de edi\u00e7\u00e3o: 2001<\/p>\n<p>Editor: Rel\u00f3gio D\u2019Agua<\/p>\n<p>Idioma: Portugu\u00eas<\/p>\n<p>Dimens\u00f5es: 16 x 2.1 x 24cm<\/p>\n<p>Encaderna\u00e7\u00e3o: Capa mole<\/p>\n<p>P\u00e1ginas: 365<\/p>\n","protected":false},"excerpt":{"rendered":"<p>REVISTA DE COMUNICA\u00c7\u00c3O E LINGUAGENS: O campo da semi\u00f3tica \u2013 Maria Augusta Babo e Jos\u00e9 Augusto Mour\u00e3o Ano de edi\u00e7\u00e3o: 2001 Editor: Rel\u00f3gio D\u2019Agua Idioma: Portugu\u00eas Dimens\u00f5es: 16 x 2.1 x 24cm Encaderna\u00e7\u00e3o: Capa mole P\u00e1ginas: 365<\/p>\n","protected":false},"featured_media":3988,"comment_status":"open","ping_status":"closed","template":"","meta":{"om_disable_all_campaigns":false,"_monsterinsights_skip_tracking":false,"_monsterinsights_sitenote_active":false,"_monsterinsights_sitenote_note":"","_monsterinsights_sitenote_category":0,"_uf_show_specific_survey":0,"_uf_disable_surveys":false},"product_cat":[31,65],"product_tag":[],"aioseo_notices":[],"jetpack_sharing_enabled":true,"_links":{"self":[{"href":"https:\/\/casadolivreiro.pt\/index.php\/wp-json\/wp\/v2\/product\/3987"}],"collection":[{"href":"https:\/\/casadolivreiro.pt\/index.php\/wp-json\/wp\/v2\/product"}],"about":[{"href":"https:\/\/casadolivreiro.pt\/index.php\/wp-json\/wp\/v2\/types\/product"}],"replies":[{"embeddable":true,"href":"https:\/\/casadolivreiro.pt\/index.php\/wp-json\/wp\/v2\/comments?post=3987"}],"wp:featuredmedia":[{"embeddable":true,"href":"https:\/\/casadolivreiro.pt\/index.php\/wp-json\/wp\/v2\/media\/3988"}],"wp:attachment":[{"href":"https:\/\/casadolivreiro.pt\/index.php\/wp-json\/wp\/v2\/media?parent=3987"}],"wp:term":[{"taxonomy":"product_cat","embeddable":true,"href":"https:\/\/casadolivreiro.pt\/index.php\/wp-json\/wp\/v2\/product_cat?post=3987"},{"taxonomy":"product_tag","embeddable":true,"href":"https:\/\/casadolivreiro.pt\/index.php\/wp-json\/wp\/v2\/product_tag?post=3987"}],"curies":[{"name":"wp","href":"https:\/\/api.w.org\/{rel}","templated":true}]}}