{"id":3981,"date":"2025-03-31T19:51:03","date_gmt":"2025-03-31T19:51:03","guid":{"rendered":"https:\/\/casadolivreiro.pt\/?post_type=product&#038;p=3981"},"modified":"2025-03-31T19:51:26","modified_gmt":"2025-03-31T19:51:26","slug":"codigo-covil-11-a-edicao-ano-de-edicao-1991","status":"publish","type":"product","link":"https:\/\/casadolivreiro.pt\/index.php\/product\/codigo-covil-11-a-edicao-ano-de-edicao-1991\/","title":{"rendered":"C\u00d3DIGO CIVIL, 11.\u00aa edi\u00e7\u00e3o Ano de edi\u00e7\u00e3o: 1991"},"content":{"rendered":"<p>C\u00d3DIGO CIVIL, 11.\u00aa edi\u00e7\u00e3o<\/p>\n<p>Ano de edi\u00e7\u00e3o: 1991<\/p>\n<p>Editor: Rei dos Livros, Lisboa<\/p>\n<p>Idioma: Portugu\u00eas<\/p>\n<p>Dimens\u00f5es: 17 x 2.8 x 24cm<\/p>\n<p>Encaderna\u00e7\u00e3o: Capa mole<\/p>\n<p>P\u00e1ginas: 638<\/p>\n","protected":false},"excerpt":{"rendered":"<p>C\u00d3DIGO CIVIL, 11.\u00aa edi\u00e7\u00e3o Ano de edi\u00e7\u00e3o: 1991 Editor: Rei dos Livros, Lisboa Idioma: Portugu\u00eas Dimens\u00f5es: 17 x 2.8 x 24cm Encaderna\u00e7\u00e3o: Capa mole P\u00e1ginas: 638<\/p>\n","protected":false},"featured_media":3982,"comment_status":"open","ping_status":"closed","template":"","meta":{"om_disable_all_campaigns":false,"_monsterinsights_skip_tracking":false,"_monsterinsights_sitenote_active":false,"_monsterinsights_sitenote_note":"","_monsterinsights_sitenote_category":0,"_uf_show_specific_survey":0,"_uf_disable_surveys":false},"product_cat":[42],"product_tag":[],"aioseo_notices":[],"jetpack_sharing_enabled":true,"_links":{"self":[{"href":"https:\/\/casadolivreiro.pt\/index.php\/wp-json\/wp\/v2\/product\/3981"}],"collection":[{"href":"https:\/\/casadolivreiro.pt\/index.php\/wp-json\/wp\/v2\/product"}],"about":[{"href":"https:\/\/casadolivreiro.pt\/index.php\/wp-json\/wp\/v2\/types\/product"}],"replies":[{"embeddable":true,"href":"https:\/\/casadolivreiro.pt\/index.php\/wp-json\/wp\/v2\/comments?post=3981"}],"wp:featuredmedia":[{"embeddable":true,"href":"https:\/\/casadolivreiro.pt\/index.php\/wp-json\/wp\/v2\/media\/3982"}],"wp:attachment":[{"href":"https:\/\/casadolivreiro.pt\/index.php\/wp-json\/wp\/v2\/media?parent=3981"}],"wp:term":[{"taxonomy":"product_cat","embeddable":true,"href":"https:\/\/casadolivreiro.pt\/index.php\/wp-json\/wp\/v2\/product_cat?post=3981"},{"taxonomy":"product_tag","embeddable":true,"href":"https:\/\/casadolivreiro.pt\/index.php\/wp-json\/wp\/v2\/product_tag?post=3981"}],"curies":[{"name":"wp","href":"https:\/\/api.w.org\/{rel}","templated":true}]}}