{"id":398,"date":"2024-03-11T18:11:32","date_gmt":"2024-03-11T18:11:32","guid":{"rendered":"https:\/\/casadolivreiro.pt\/?post_type=product&#038;p=398"},"modified":"2024-03-11T18:11:32","modified_gmt":"2024-03-11T18:11:32","slug":"camoes-aventuras-do-trinca-fortes-adolfo-simoes-muller","status":"publish","type":"product","link":"https:\/\/casadolivreiro.pt\/index.php\/product\/camoes-aventuras-do-trinca-fortes-adolfo-simoes-muller\/","title":{"rendered":"CAM\u00d5ES: Aventuras do TRINCA-FORTES &#8211;  Adolfo Sim\u00f5es M\u00fcller"},"content":{"rendered":"<p>CAM\u00d5ES: Aventuras do TRINCA-FORTES<br \/>\nAdolfo Sim\u00f5es M\u00fcller<br \/>\nEditor: Circulo de Leitores<br \/>\nData de Lan\u00e7amento: 1980<br \/>\nIdioma:\u00a0 Portugu\u00eas<br \/>\nDimens\u00f5es: 17.5 x 1 x 26 cm<br \/>\nEncaderna\u00e7\u00e3o: Capa dura<br \/>\nP\u00e1ginas: 60<\/p>\n","protected":false},"excerpt":{"rendered":"<p>CAM\u00d5ES: Aventuras do TRINCA-FORTES Adolfo Sim\u00f5es M\u00fcller Editor: Circulo de Leitores Data de Lan\u00e7amento: 1980 Idioma:\u00a0 Portugu\u00eas Dimens\u00f5es: 17.5 x 1 x 26 cm Encaderna\u00e7\u00e3o: Capa dura P\u00e1ginas: 60<\/p>\n","protected":false},"featured_media":399,"comment_status":"open","ping_status":"closed","template":"","meta":{"om_disable_all_campaigns":false,"_monsterinsights_skip_tracking":false,"_monsterinsights_sitenote_active":false,"_monsterinsights_sitenote_note":"","_monsterinsights_sitenote_category":0,"_uf_show_specific_survey":0,"_uf_disable_surveys":false},"product_cat":[34],"product_tag":[],"aioseo_notices":[],"jetpack_sharing_enabled":true,"_links":{"self":[{"href":"https:\/\/casadolivreiro.pt\/index.php\/wp-json\/wp\/v2\/product\/398"}],"collection":[{"href":"https:\/\/casadolivreiro.pt\/index.php\/wp-json\/wp\/v2\/product"}],"about":[{"href":"https:\/\/casadolivreiro.pt\/index.php\/wp-json\/wp\/v2\/types\/product"}],"replies":[{"embeddable":true,"href":"https:\/\/casadolivreiro.pt\/index.php\/wp-json\/wp\/v2\/comments?post=398"}],"wp:featuredmedia":[{"embeddable":true,"href":"https:\/\/casadolivreiro.pt\/index.php\/wp-json\/wp\/v2\/media\/399"}],"wp:attachment":[{"href":"https:\/\/casadolivreiro.pt\/index.php\/wp-json\/wp\/v2\/media?parent=398"}],"wp:term":[{"taxonomy":"product_cat","embeddable":true,"href":"https:\/\/casadolivreiro.pt\/index.php\/wp-json\/wp\/v2\/product_cat?post=398"},{"taxonomy":"product_tag","embeddable":true,"href":"https:\/\/casadolivreiro.pt\/index.php\/wp-json\/wp\/v2\/product_tag?post=398"}],"curies":[{"name":"wp","href":"https:\/\/api.w.org\/{rel}","templated":true}]}}