{"id":3975,"date":"2025-03-31T19:32:43","date_gmt":"2025-03-31T19:32:43","guid":{"rendered":"https:\/\/casadolivreiro.pt\/?post_type=product&#038;p=3975"},"modified":"2025-03-31T19:32:43","modified_gmt":"2025-03-31T19:32:43","slug":"governados-pela-mentira-o-suicidio-do-cristianismo-e-do-ocidente-agostino-nobile","status":"publish","type":"product","link":"https:\/\/casadolivreiro.pt\/index.php\/product\/governados-pela-mentira-o-suicidio-do-cristianismo-e-do-ocidente-agostino-nobile\/","title":{"rendered":"GOVERNADOS PELA MENTIRA: O Suic\u00eddio do Cristianismo e do Ocidente \u2013 Agostino Nobile"},"content":{"rendered":"<p>GOVERNADOS PELA MENTIRA: O Suic\u00eddio do Cristianismo e do Ocidente \u2013 Agostino Nobile<\/p>\n<p>Ano de edi\u00e7\u00e3o: 2003<\/p>\n<p>Editor: Cascais Editora<\/p>\n<p>Idioma: Portugu\u00eas<\/p>\n<p>Dimens\u00f5es: 14.5 x 1.5 x 23cm<\/p>\n<p>Encaderna\u00e7\u00e3o: Capa mole<\/p>\n<p>P\u00e1ginas: 255<\/p>\n","protected":false},"excerpt":{"rendered":"<p>GOVERNADOS PELA MENTIRA: O Suic\u00eddio do Cristianismo e do Ocidente \u2013 Agostino Nobile Ano de edi\u00e7\u00e3o: 2003 Editor: Cascais Editora Idioma: Portugu\u00eas Dimens\u00f5es: 14.5 x 1.5 x 23cm Encaderna\u00e7\u00e3o: Capa mole P\u00e1ginas: 255<\/p>\n","protected":false},"featured_media":3976,"comment_status":"open","ping_status":"closed","template":"","meta":{"om_disable_all_campaigns":false,"_monsterinsights_skip_tracking":false,"_monsterinsights_sitenote_active":false,"_monsterinsights_sitenote_note":"","_monsterinsights_sitenote_category":0,"_uf_show_specific_survey":0,"_uf_disable_surveys":false},"product_cat":[31,33,29,51],"product_tag":[],"aioseo_notices":[],"jetpack_sharing_enabled":true,"_links":{"self":[{"href":"https:\/\/casadolivreiro.pt\/index.php\/wp-json\/wp\/v2\/product\/3975"}],"collection":[{"href":"https:\/\/casadolivreiro.pt\/index.php\/wp-json\/wp\/v2\/product"}],"about":[{"href":"https:\/\/casadolivreiro.pt\/index.php\/wp-json\/wp\/v2\/types\/product"}],"replies":[{"embeddable":true,"href":"https:\/\/casadolivreiro.pt\/index.php\/wp-json\/wp\/v2\/comments?post=3975"}],"wp:featuredmedia":[{"embeddable":true,"href":"https:\/\/casadolivreiro.pt\/index.php\/wp-json\/wp\/v2\/media\/3976"}],"wp:attachment":[{"href":"https:\/\/casadolivreiro.pt\/index.php\/wp-json\/wp\/v2\/media?parent=3975"}],"wp:term":[{"taxonomy":"product_cat","embeddable":true,"href":"https:\/\/casadolivreiro.pt\/index.php\/wp-json\/wp\/v2\/product_cat?post=3975"},{"taxonomy":"product_tag","embeddable":true,"href":"https:\/\/casadolivreiro.pt\/index.php\/wp-json\/wp\/v2\/product_tag?post=3975"}],"curies":[{"name":"wp","href":"https:\/\/api.w.org\/{rel}","templated":true}]}}