{"id":3971,"date":"2025-03-31T17:19:19","date_gmt":"2025-03-31T17:19:19","guid":{"rendered":"https:\/\/casadolivreiro.pt\/?post_type=product&#038;p=3971"},"modified":"2025-03-31T17:19:19","modified_gmt":"2025-03-31T17:19:19","slug":"comunicacao-para-os-cidadaos-no-estado-da-sociedade-em-que-vivemos-communication-for-the-citizens-towards-a-contemporary-society-conferencia-internacional","status":"publish","type":"product","link":"https:\/\/casadolivreiro.pt\/index.php\/product\/comunicacao-para-os-cidadaos-no-estado-da-sociedade-em-que-vivemos-communication-for-the-citizens-towards-a-contemporary-society-conferencia-internacional\/","title":{"rendered":"COMUNICA\u00c7\u00c3O PARA OS CIDAD\u00c3OS NO ESTADO DA SOCIEDADE EM QUE VIVEMOS \/ Communication for the citizens towards a contemporary society \u2013 CONFER\u00caNCIA INTERNACIONAL"},"content":{"rendered":"<p>COMUNICA\u00c7\u00c3O PARA OS CIDAD\u00c3OS NO ESTADO DA SOCIEDADE EM QUE VIVEMOS \/ Communication for the citizens towards a contemporary society \u2013 CONFER\u00caNCIA INTERNACIONAL<\/p>\n<p>Ano de edi\u00e7\u00e3o: 2004<\/p>\n<p>Editor: Camara Municipal de Oeiras<\/p>\n<p>Idioma: Portugu\u00eas<\/p>\n<p>Dimens\u00f5es: 15.8 x 2.2 x 23cm<\/p>\n<p>Encaderna\u00e7\u00e3o: Capa mole<\/p>\n<p>P\u00e1ginas: 310<\/p>\n","protected":false},"excerpt":{"rendered":"<p>COMUNICA\u00c7\u00c3O PARA OS CIDAD\u00c3OS NO ESTADO DA SOCIEDADE EM QUE VIVEMOS \/ Communication for the citizens towards a contemporary society \u2013 CONFER\u00caNCIA INTERNACIONAL Ano de edi\u00e7\u00e3o: 2004 Editor: Camara Municipal de Oeiras Idioma: Portugu\u00eas Dimens\u00f5es: 15.8 x 2.2 x 23cm Encaderna\u00e7\u00e3o: Capa mole P\u00e1ginas: 310<\/p>\n","protected":false},"featured_media":3972,"comment_status":"open","ping_status":"closed","template":"","meta":{"om_disable_all_campaigns":false,"_monsterinsights_skip_tracking":false,"_monsterinsights_sitenote_active":false,"_monsterinsights_sitenote_note":"","_monsterinsights_sitenote_category":0,"_uf_show_specific_survey":0,"_uf_disable_surveys":false},"product_cat":[31,47,51],"product_tag":[],"aioseo_notices":[],"jetpack_sharing_enabled":true,"_links":{"self":[{"href":"https:\/\/casadolivreiro.pt\/index.php\/wp-json\/wp\/v2\/product\/3971"}],"collection":[{"href":"https:\/\/casadolivreiro.pt\/index.php\/wp-json\/wp\/v2\/product"}],"about":[{"href":"https:\/\/casadolivreiro.pt\/index.php\/wp-json\/wp\/v2\/types\/product"}],"replies":[{"embeddable":true,"href":"https:\/\/casadolivreiro.pt\/index.php\/wp-json\/wp\/v2\/comments?post=3971"}],"wp:featuredmedia":[{"embeddable":true,"href":"https:\/\/casadolivreiro.pt\/index.php\/wp-json\/wp\/v2\/media\/3972"}],"wp:attachment":[{"href":"https:\/\/casadolivreiro.pt\/index.php\/wp-json\/wp\/v2\/media?parent=3971"}],"wp:term":[{"taxonomy":"product_cat","embeddable":true,"href":"https:\/\/casadolivreiro.pt\/index.php\/wp-json\/wp\/v2\/product_cat?post=3971"},{"taxonomy":"product_tag","embeddable":true,"href":"https:\/\/casadolivreiro.pt\/index.php\/wp-json\/wp\/v2\/product_tag?post=3971"}],"curies":[{"name":"wp","href":"https:\/\/api.w.org\/{rel}","templated":true}]}}