{"id":3963,"date":"2025-03-31T16:51:40","date_gmt":"2025-03-31T16:51:40","guid":{"rendered":"https:\/\/casadolivreiro.pt\/?post_type=product&#038;p=3963"},"modified":"2025-03-31T16:51:41","modified_gmt":"2025-03-31T16:51:41","slug":"a-fidelidade-um-horizonte-uma-troca-uma-memoria","status":"publish","type":"product","link":"https:\/\/casadolivreiro.pt\/index.php\/product\/a-fidelidade-um-horizonte-uma-troca-uma-memoria\/","title":{"rendered":"A FIDELIDADE: Um horizonte, uma troca, uma mem\u00f3ria"},"content":{"rendered":"<p>A FIDELIDADE: Um horizonte, uma troca, uma mem\u00f3ria<\/p>\n<p>Tradu\u00e7\u00e3o de Carlos Martins Pereira<\/p>\n<p>Biblioteca Valores Morais<\/p>\n<p>Ano de edi\u00e7\u00e3o: 1992<\/p>\n<p>Editor: Difus\u00e3o Editorial, Lisboa<\/p>\n<p>Idioma: Portugu\u00eas<\/p>\n<p>Dimens\u00f5es: 15 x 1.2 x 23cm<\/p>\n<p>Encaderna\u00e7\u00e3o: Capa mole<\/p>\n<p>P\u00e1ginas: 220<\/p>\n","protected":false},"excerpt":{"rendered":"<p>A FIDELIDADE: Um horizonte, uma troca, uma mem\u00f3ria Tradu\u00e7\u00e3o de Carlos Martins Pereira Biblioteca Valores Morais Ano de edi\u00e7\u00e3o: 1992 Editor: Difus\u00e3o Editorial, Lisboa Idioma: Portugu\u00eas Dimens\u00f5es: 15 x 1.2 x 23cm Encaderna\u00e7\u00e3o: Capa mole P\u00e1ginas: 220<\/p>\n","protected":false},"featured_media":3964,"comment_status":"open","ping_status":"closed","template":"","meta":{"om_disable_all_campaigns":false,"_monsterinsights_skip_tracking":false,"_monsterinsights_sitenote_active":false,"_monsterinsights_sitenote_note":"","_monsterinsights_sitenote_category":0,"_uf_show_specific_survey":0,"_uf_disable_surveys":false},"product_cat":[31],"product_tag":[],"aioseo_notices":[],"jetpack_sharing_enabled":true,"_links":{"self":[{"href":"https:\/\/casadolivreiro.pt\/index.php\/wp-json\/wp\/v2\/product\/3963"}],"collection":[{"href":"https:\/\/casadolivreiro.pt\/index.php\/wp-json\/wp\/v2\/product"}],"about":[{"href":"https:\/\/casadolivreiro.pt\/index.php\/wp-json\/wp\/v2\/types\/product"}],"replies":[{"embeddable":true,"href":"https:\/\/casadolivreiro.pt\/index.php\/wp-json\/wp\/v2\/comments?post=3963"}],"wp:featuredmedia":[{"embeddable":true,"href":"https:\/\/casadolivreiro.pt\/index.php\/wp-json\/wp\/v2\/media\/3964"}],"wp:attachment":[{"href":"https:\/\/casadolivreiro.pt\/index.php\/wp-json\/wp\/v2\/media?parent=3963"}],"wp:term":[{"taxonomy":"product_cat","embeddable":true,"href":"https:\/\/casadolivreiro.pt\/index.php\/wp-json\/wp\/v2\/product_cat?post=3963"},{"taxonomy":"product_tag","embeddable":true,"href":"https:\/\/casadolivreiro.pt\/index.php\/wp-json\/wp\/v2\/product_tag?post=3963"}],"curies":[{"name":"wp","href":"https:\/\/api.w.org\/{rel}","templated":true}]}}