{"id":396,"date":"2024-03-11T18:03:12","date_gmt":"2024-03-11T18:03:12","guid":{"rendered":"https:\/\/casadolivreiro.pt\/?post_type=product&#038;p=396"},"modified":"2024-03-11T18:03:12","modified_gmt":"2024-03-11T18:03:12","slug":"lirael-a-rapariga-do-glacier-garth-nix","status":"publish","type":"product","link":"https:\/\/casadolivreiro.pt\/index.php\/product\/lirael-a-rapariga-do-glacier-garth-nix\/","title":{"rendered":"LIRAEL: A RAPARIGA DO GLACIER &#8211; Garth Nix"},"content":{"rendered":"<p>LIRAEL: A RAPARIGA DO GLACIER<br \/>\nGarth Nix<br \/>\nTradu\u00e7\u00e3o de Maria Georgina Segurado<br \/>\nISBN: 972-23-2942-1<br \/>\nEditor: Editorial Presen\u00e7a<br \/>\nData de Lan\u00e7amento: 2003<br \/>\nIdioma:\u00a0 Portugu\u00eas<br \/>\nDimens\u00f5es: 15 x 2.3 x 23 cm<br \/>\nEncaderna\u00e7\u00e3o: Capa mole<br \/>\nP\u00e1ginas: 390<\/p>\n<p>Depois de &#8220;A Miss\u00e3o de Sabriel&#8221;, publicada em Novembro de 2002, Garth Nix regressa ao mercado portugu\u00eas com &#8220;Lirael \u2013 A Rapariga do Glaciar&#8221;. Neste segundo volume que integra uma trilogia, o autor leva-nos uma vez mais para a atmosfera m\u00e1gica do Reino Antigo. Alguns anos se passaram desde que Sabriel aprisionou Kerrigor e ajudou a restituir o trono a Touchstone. Mas quem \u00e9 Lirael? As suas origens est\u00e3o veladas por um denso mist\u00e9rio, sabendo-se apenas que vive no Glaciar das Clayr e que aos catorze anos ainda n\u00e3o foi&#8230;<\/p>\n<p>&nbsp;<\/p>\n","protected":false},"excerpt":{"rendered":"<p>LIRAEL: A RAPARIGA DO GLACIER Garth Nix Tradu\u00e7\u00e3o de Maria Georgina Segurado ISBN: 972-23-2942-1 Editor: Editorial Presen\u00e7a Data de Lan\u00e7amento: 2003 Idioma:\u00a0 Portugu\u00eas Dimens\u00f5es: 15 x 2.3 x 23 cm Encaderna\u00e7\u00e3o: Capa mole P\u00e1ginas: 390 Depois de &#8220;A Miss\u00e3o de Sabriel&#8221;, publicada em Novembro de 2002, Garth Nix regressa ao mercado portugu\u00eas com &#8220;Lirael \u2013 [&hellip;]<\/p>\n","protected":false},"featured_media":397,"comment_status":"open","ping_status":"closed","template":"","meta":{"om_disable_all_campaigns":false,"_monsterinsights_skip_tracking":false,"_monsterinsights_sitenote_active":false,"_monsterinsights_sitenote_note":"","_monsterinsights_sitenote_category":0,"_uf_show_specific_survey":0,"_uf_disable_surveys":false},"product_cat":[34,26],"product_tag":[],"aioseo_notices":[],"jetpack_sharing_enabled":true,"_links":{"self":[{"href":"https:\/\/casadolivreiro.pt\/index.php\/wp-json\/wp\/v2\/product\/396"}],"collection":[{"href":"https:\/\/casadolivreiro.pt\/index.php\/wp-json\/wp\/v2\/product"}],"about":[{"href":"https:\/\/casadolivreiro.pt\/index.php\/wp-json\/wp\/v2\/types\/product"}],"replies":[{"embeddable":true,"href":"https:\/\/casadolivreiro.pt\/index.php\/wp-json\/wp\/v2\/comments?post=396"}],"wp:featuredmedia":[{"embeddable":true,"href":"https:\/\/casadolivreiro.pt\/index.php\/wp-json\/wp\/v2\/media\/397"}],"wp:attachment":[{"href":"https:\/\/casadolivreiro.pt\/index.php\/wp-json\/wp\/v2\/media?parent=396"}],"wp:term":[{"taxonomy":"product_cat","embeddable":true,"href":"https:\/\/casadolivreiro.pt\/index.php\/wp-json\/wp\/v2\/product_cat?post=396"},{"taxonomy":"product_tag","embeddable":true,"href":"https:\/\/casadolivreiro.pt\/index.php\/wp-json\/wp\/v2\/product_tag?post=396"}],"curies":[{"name":"wp","href":"https:\/\/api.w.org\/{rel}","templated":true}]}}