{"id":3945,"date":"2025-03-31T01:50:09","date_gmt":"2025-03-31T01:50:09","guid":{"rendered":"https:\/\/casadolivreiro.pt\/?post_type=product&#038;p=3945"},"modified":"2025-03-31T01:50:09","modified_gmt":"2025-03-31T01:50:09","slug":"dress-your-family-in-corduroy-and-denim-david-sedaris","status":"publish","type":"product","link":"https:\/\/casadolivreiro.pt\/index.php\/product\/dress-your-family-in-corduroy-and-denim-david-sedaris\/","title":{"rendered":"DRESS YOUR FAMILY IN CORDUROY AND DENIM \u2013 David Sedaris"},"content":{"rendered":"<p>DRESS YOUR FAMILY IN CORDUROY AND DENIM \u2013 David Sedaris<\/p>\n<p>Ano de edi\u00e7\u00e3o: 2004<\/p>\n<p>Editor: Abacus<\/p>\n<p>Idioma: Ingl\u00eas<\/p>\n<p>Dimens\u00f5es: 13.3 x 2 x 21.5cm<\/p>\n<p>Encaderna\u00e7\u00e3o: Capa mole<\/p>\n<p>P\u00e1ginas: 257<\/p>\n","protected":false},"excerpt":{"rendered":"<p>DRESS YOUR FAMILY IN CORDUROY AND DENIM \u2013 David Sedaris Ano de edi\u00e7\u00e3o: 2004 Editor: Abacus Idioma: Ingl\u00eas Dimens\u00f5es: 13.3 x 2 x 21.5cm Encaderna\u00e7\u00e3o: Capa mole P\u00e1ginas: 257<\/p>\n","protected":false},"featured_media":3946,"comment_status":"open","ping_status":"closed","template":"","meta":{"om_disable_all_campaigns":false,"_monsterinsights_skip_tracking":false,"_monsterinsights_sitenote_active":false,"_monsterinsights_sitenote_note":"","_monsterinsights_sitenote_category":0,"_uf_show_specific_survey":0,"_uf_disable_surveys":false},"product_cat":[55],"product_tag":[],"aioseo_notices":[],"jetpack_sharing_enabled":true,"_links":{"self":[{"href":"https:\/\/casadolivreiro.pt\/index.php\/wp-json\/wp\/v2\/product\/3945"}],"collection":[{"href":"https:\/\/casadolivreiro.pt\/index.php\/wp-json\/wp\/v2\/product"}],"about":[{"href":"https:\/\/casadolivreiro.pt\/index.php\/wp-json\/wp\/v2\/types\/product"}],"replies":[{"embeddable":true,"href":"https:\/\/casadolivreiro.pt\/index.php\/wp-json\/wp\/v2\/comments?post=3945"}],"wp:featuredmedia":[{"embeddable":true,"href":"https:\/\/casadolivreiro.pt\/index.php\/wp-json\/wp\/v2\/media\/3946"}],"wp:attachment":[{"href":"https:\/\/casadolivreiro.pt\/index.php\/wp-json\/wp\/v2\/media?parent=3945"}],"wp:term":[{"taxonomy":"product_cat","embeddable":true,"href":"https:\/\/casadolivreiro.pt\/index.php\/wp-json\/wp\/v2\/product_cat?post=3945"},{"taxonomy":"product_tag","embeddable":true,"href":"https:\/\/casadolivreiro.pt\/index.php\/wp-json\/wp\/v2\/product_tag?post=3945"}],"curies":[{"name":"wp","href":"https:\/\/api.w.org\/{rel}","templated":true}]}}