{"id":394,"date":"2024-03-11T17:58:02","date_gmt":"2024-03-11T17:58:02","guid":{"rendered":"https:\/\/casadolivreiro.pt\/?post_type=product&#038;p=394"},"modified":"2024-03-11T17:58:03","modified_gmt":"2024-03-11T17:58:03","slug":"a-missao-de-sabriel-garth-nix","status":"publish","type":"product","link":"https:\/\/casadolivreiro.pt\/index.php\/product\/a-missao-de-sabriel-garth-nix\/","title":{"rendered":"A MISS\u00c3O DE SABRIEL &#8211;  Garth Nix"},"content":{"rendered":"<p>A MISS\u00c3O DE SABRIEL<br \/>\nGarth Nix<br \/>\nTradu\u00e7\u00e3o de Maria Georgina Segurado<br \/>\nISBN: 972-23-2942-1<br \/>\nEditor: Editorial Presen\u00e7a<br \/>\nData de Lan\u00e7amento: 2002<br \/>\nIdioma:\u00a0 Portugu\u00eas<br \/>\nDimens\u00f5es: 15 x 1.5 x 23 cm<br \/>\nEncaderna\u00e7\u00e3o: Capa mole<br \/>\nP\u00e1ginas: 271<\/p>\n<p>Esta obra convida-nos a entrar num mundo m\u00e1gico, n\u00e3o muito alheado do real, mas onde o espa\u00e7o e o tempo acabam por revelar ligeiras diferen\u00e7as, ligeiras flutua\u00e7\u00f5es nos seus ritmos, fendas misteriosas por onde se insinuam esp\u00edritos mal\u00e9ficos, seres enigm\u00e1ticos, encantamentos secretos. A pr\u00f3pria fronteira entre a vida e a morte atenua-se, do outro lado da Muralha, onde se estende o Reino Antigo. Quando um mensageiro lhe entrega a espada de Abhorsen, o Necromante, e os sete sinos de prata capazes de dominar os vivos e os mortos, Sabriel sabe que o pai e o Reino Antigo correm perigo. Determinada a encontrar o pai e a lutar contra uma amea\u00e7a inomin\u00e1vel, a jovem parte rumo \u00e0s profundezas do desconhecido numa jangada her\u00f3ica, apoiada somente pela petulante criatura que usa a forma de um gato branco, Mogget, e por Touchstone, um jovem soldado cujo passado esconde um terr\u00edvel mist\u00e9rio. Que for\u00e7as ir\u00e3o os tr\u00eas defrontar? E que destino estar\u00e1 reservado a Sabriel? Uma hist\u00f3ria absorvente, destinada a tornar-se um cl\u00e1ssico.<\/p>\n<p>A Miss\u00e3o de Sabriel inaugura uma das mais fascinantes trilogias do g\u00e9nero fant\u00e1stico, tendo conquistando, de imediato, as melhores cr\u00edticas e os aplausos do p\u00fablico em todos os pa\u00edses onde j\u00e1 foi publicada. Philip Pullman teceu-lhe grandes elogios, definindo-a como uma cria\u00e7\u00e3o cheia de \u00abinven\u00e7\u00e3o, brilho e intelig\u00eancia\u00bb.<\/p>\n","protected":false},"excerpt":{"rendered":"<p>A MISS\u00c3O DE SABRIEL Garth Nix Tradu\u00e7\u00e3o de Maria Georgina Segurado ISBN: 972-23-2942-1 Editor: Editorial Presen\u00e7a Data de Lan\u00e7amento: 2002 Idioma:\u00a0 Portugu\u00eas Dimens\u00f5es: 15 x 1.5 x 23 cm Encaderna\u00e7\u00e3o: Capa mole P\u00e1ginas: 271 Esta obra convida-nos a entrar num mundo m\u00e1gico, n\u00e3o muito alheado do real, mas onde o espa\u00e7o e o tempo acabam [&hellip;]<\/p>\n","protected":false},"featured_media":395,"comment_status":"open","ping_status":"closed","template":"","meta":{"om_disable_all_campaigns":false,"_monsterinsights_skip_tracking":false,"_monsterinsights_sitenote_active":false,"_monsterinsights_sitenote_note":"","_monsterinsights_sitenote_category":0,"_uf_show_specific_survey":0,"_uf_disable_surveys":false},"product_cat":[34,26],"product_tag":[],"aioseo_notices":[],"jetpack_sharing_enabled":true,"_links":{"self":[{"href":"https:\/\/casadolivreiro.pt\/index.php\/wp-json\/wp\/v2\/product\/394"}],"collection":[{"href":"https:\/\/casadolivreiro.pt\/index.php\/wp-json\/wp\/v2\/product"}],"about":[{"href":"https:\/\/casadolivreiro.pt\/index.php\/wp-json\/wp\/v2\/types\/product"}],"replies":[{"embeddable":true,"href":"https:\/\/casadolivreiro.pt\/index.php\/wp-json\/wp\/v2\/comments?post=394"}],"wp:featuredmedia":[{"embeddable":true,"href":"https:\/\/casadolivreiro.pt\/index.php\/wp-json\/wp\/v2\/media\/395"}],"wp:attachment":[{"href":"https:\/\/casadolivreiro.pt\/index.php\/wp-json\/wp\/v2\/media?parent=394"}],"wp:term":[{"taxonomy":"product_cat","embeddable":true,"href":"https:\/\/casadolivreiro.pt\/index.php\/wp-json\/wp\/v2\/product_cat?post=394"},{"taxonomy":"product_tag","embeddable":true,"href":"https:\/\/casadolivreiro.pt\/index.php\/wp-json\/wp\/v2\/product_tag?post=394"}],"curies":[{"name":"wp","href":"https:\/\/api.w.org\/{rel}","templated":true}]}}