{"id":3939,"date":"2025-03-31T01:32:41","date_gmt":"2025-03-31T01:32:41","guid":{"rendered":"https:\/\/casadolivreiro.pt\/?post_type=product&#038;p=3939"},"modified":"2026-01-11T16:31:53","modified_gmt":"2026-01-11T16:31:53","slug":"da-corrupcao-a-crise-que-fazer-paulo-de-morais","status":"publish","type":"product","link":"https:\/\/casadolivreiro.pt\/index.php\/product\/da-corrupcao-a-crise-que-fazer-paulo-de-morais\/","title":{"rendered":"DA CORRUP\u00c7\u00c3O \u00c0 CRISE: Que fazer? \u2013 Paulo de Morais"},"content":{"rendered":"<p>DA CORRUP\u00c7\u00c3O \u00c0 CRISE: Que fazer? \u2013 Paulo de Morais<\/p>\n<p>Ano de edi\u00e7\u00e3o: 2013<\/p>\n<p>Editor: Gradiva<\/p>\n<p>Idioma: Portugu\u00eas<\/p>\n<p>Dimens\u00f5es: 13.5 x 1 x 21cm<\/p>\n<p>Encaderna\u00e7\u00e3o: Capa mole<\/p>\n<p>P\u00e1ginas: 145<\/p>\n","protected":false},"excerpt":{"rendered":"<p>DA CORRUP\u00c7\u00c3O \u00c0 CRISE: Que fazer? \u2013 Paulo de Morais Ano de edi\u00e7\u00e3o: 2013 Editor: Gradiva Idioma: Portugu\u00eas Dimens\u00f5es: 13.5 x 1 x 21cm Encaderna\u00e7\u00e3o: Capa mole P\u00e1ginas: 145<\/p>\n","protected":false},"featured_media":3940,"comment_status":"open","ping_status":"closed","template":"","meta":{"om_disable_all_campaigns":false,"_monsterinsights_skip_tracking":false,"_monsterinsights_sitenote_active":false,"_monsterinsights_sitenote_note":"","_monsterinsights_sitenote_category":0,"_uf_show_specific_survey":0,"_uf_disable_surveys":false},"product_cat":[31,51],"product_tag":[],"aioseo_notices":[],"jetpack_sharing_enabled":true,"_links":{"self":[{"href":"https:\/\/casadolivreiro.pt\/index.php\/wp-json\/wp\/v2\/product\/3939"}],"collection":[{"href":"https:\/\/casadolivreiro.pt\/index.php\/wp-json\/wp\/v2\/product"}],"about":[{"href":"https:\/\/casadolivreiro.pt\/index.php\/wp-json\/wp\/v2\/types\/product"}],"replies":[{"embeddable":true,"href":"https:\/\/casadolivreiro.pt\/index.php\/wp-json\/wp\/v2\/comments?post=3939"}],"wp:featuredmedia":[{"embeddable":true,"href":"https:\/\/casadolivreiro.pt\/index.php\/wp-json\/wp\/v2\/media\/3940"}],"wp:attachment":[{"href":"https:\/\/casadolivreiro.pt\/index.php\/wp-json\/wp\/v2\/media?parent=3939"}],"wp:term":[{"taxonomy":"product_cat","embeddable":true,"href":"https:\/\/casadolivreiro.pt\/index.php\/wp-json\/wp\/v2\/product_cat?post=3939"},{"taxonomy":"product_tag","embeddable":true,"href":"https:\/\/casadolivreiro.pt\/index.php\/wp-json\/wp\/v2\/product_tag?post=3939"}],"curies":[{"name":"wp","href":"https:\/\/api.w.org\/{rel}","templated":true}]}}