{"id":3937,"date":"2025-03-31T01:27:00","date_gmt":"2025-03-31T01:27:00","guid":{"rendered":"https:\/\/casadolivreiro.pt\/?post_type=product&#038;p=3937"},"modified":"2025-03-31T01:27:00","modified_gmt":"2025-03-31T01:27:00","slug":"a-venia-de-portugal-ao-regime-dos-banqueiros-jose-gomes-ferreira","status":"publish","type":"product","link":"https:\/\/casadolivreiro.pt\/index.php\/product\/a-venia-de-portugal-ao-regime-dos-banqueiros-jose-gomes-ferreira\/","title":{"rendered":"A V\u00c9NIA DE PORTUGAL AO REGIME DOS BANQUEIROS \u2013 Jos\u00e9 Gomes Ferreira"},"content":{"rendered":"<p>A V\u00c9NIA DE PORTUGAL AO REGIME DOS BANQUEIROS \u2013 Jos\u00e9 Gomes Ferreira<\/p>\n<p>Ano de edi\u00e7\u00e3o: 2017, 1.\u00aa edi\u00e7\u00e3o<\/p>\n<p>Editor: Oficina de Livro<\/p>\n<p>Idioma: Portugu\u00eas<\/p>\n<p>Dimens\u00f5es: 15.5 x 2 x 23.3cm<\/p>\n<p>Encaderna\u00e7\u00e3o: Capa mole<\/p>\n<p>P\u00e1ginas: 285<\/p>\n","protected":false},"excerpt":{"rendered":"<p>A V\u00c9NIA DE PORTUGAL AO REGIME DOS BANQUEIROS \u2013 Jos\u00e9 Gomes Ferreira Ano de edi\u00e7\u00e3o: 2017, 1.\u00aa edi\u00e7\u00e3o Editor: Oficina de Livro Idioma: Portugu\u00eas Dimens\u00f5es: 15.5 x 2 x 23.3cm Encaderna\u00e7\u00e3o: Capa mole P\u00e1ginas: 285<\/p>\n","protected":false},"featured_media":3938,"comment_status":"open","ping_status":"closed","template":"","meta":{"om_disable_all_campaigns":false,"_monsterinsights_skip_tracking":false,"_monsterinsights_sitenote_active":false,"_monsterinsights_sitenote_note":"","_monsterinsights_sitenote_category":0,"_uf_show_specific_survey":0,"_uf_disable_surveys":false},"product_cat":[51],"product_tag":[],"aioseo_notices":[],"jetpack_sharing_enabled":true,"_links":{"self":[{"href":"https:\/\/casadolivreiro.pt\/index.php\/wp-json\/wp\/v2\/product\/3937"}],"collection":[{"href":"https:\/\/casadolivreiro.pt\/index.php\/wp-json\/wp\/v2\/product"}],"about":[{"href":"https:\/\/casadolivreiro.pt\/index.php\/wp-json\/wp\/v2\/types\/product"}],"replies":[{"embeddable":true,"href":"https:\/\/casadolivreiro.pt\/index.php\/wp-json\/wp\/v2\/comments?post=3937"}],"wp:featuredmedia":[{"embeddable":true,"href":"https:\/\/casadolivreiro.pt\/index.php\/wp-json\/wp\/v2\/media\/3938"}],"wp:attachment":[{"href":"https:\/\/casadolivreiro.pt\/index.php\/wp-json\/wp\/v2\/media?parent=3937"}],"wp:term":[{"taxonomy":"product_cat","embeddable":true,"href":"https:\/\/casadolivreiro.pt\/index.php\/wp-json\/wp\/v2\/product_cat?post=3937"},{"taxonomy":"product_tag","embeddable":true,"href":"https:\/\/casadolivreiro.pt\/index.php\/wp-json\/wp\/v2\/product_tag?post=3937"}],"curies":[{"name":"wp","href":"https:\/\/api.w.org\/{rel}","templated":true}]}}