{"id":3933,"date":"2025-03-31T01:05:48","date_gmt":"2025-03-31T01:05:48","guid":{"rendered":"https:\/\/casadolivreiro.pt\/?post_type=product&#038;p=3933"},"modified":"2025-03-31T01:05:48","modified_gmt":"2025-03-31T01:05:48","slug":"portugal-e-o-mundo-em-2002-anuario-expresso","status":"publish","type":"product","link":"https:\/\/casadolivreiro.pt\/index.php\/product\/portugal-e-o-mundo-em-2002-anuario-expresso\/","title":{"rendered":"PORTUGAL E O MUNDO EM 2002 \u2013 Anu\u00e1rio Expresso"},"content":{"rendered":"<p>PORTUGAL E O MUNDO EM 2002 \u2013 Anu\u00e1rio Expresso<\/p>\n<p>Ano de edi\u00e7\u00e3o: 2003<\/p>\n<p>Editor: Expresso<\/p>\n<p>Idioma: Portugu\u00eas<\/p>\n<p>Dimens\u00f5es: 15 x 1 x 24cm<\/p>\n<p>Encaderna\u00e7\u00e3o: Capa mole<\/p>\n<p>P\u00e1ginas: 216<\/p>\n","protected":false},"excerpt":{"rendered":"<p>PORTUGAL E O MUNDO EM 2002 \u2013 Anu\u00e1rio Expresso Ano de edi\u00e7\u00e3o: 2003 Editor: Expresso Idioma: Portugu\u00eas Dimens\u00f5es: 15 x 1 x 24cm Encaderna\u00e7\u00e3o: Capa mole P\u00e1ginas: 216<\/p>\n","protected":false},"featured_media":3934,"comment_status":"open","ping_status":"closed","template":"","meta":{"om_disable_all_campaigns":false,"_monsterinsights_skip_tracking":false,"_monsterinsights_sitenote_active":false,"_monsterinsights_sitenote_note":"","_monsterinsights_sitenote_category":0,"_uf_show_specific_survey":0,"_uf_disable_surveys":false},"product_cat":[31,47],"product_tag":[],"aioseo_notices":[],"jetpack_sharing_enabled":true,"_links":{"self":[{"href":"https:\/\/casadolivreiro.pt\/index.php\/wp-json\/wp\/v2\/product\/3933"}],"collection":[{"href":"https:\/\/casadolivreiro.pt\/index.php\/wp-json\/wp\/v2\/product"}],"about":[{"href":"https:\/\/casadolivreiro.pt\/index.php\/wp-json\/wp\/v2\/types\/product"}],"replies":[{"embeddable":true,"href":"https:\/\/casadolivreiro.pt\/index.php\/wp-json\/wp\/v2\/comments?post=3933"}],"wp:featuredmedia":[{"embeddable":true,"href":"https:\/\/casadolivreiro.pt\/index.php\/wp-json\/wp\/v2\/media\/3934"}],"wp:attachment":[{"href":"https:\/\/casadolivreiro.pt\/index.php\/wp-json\/wp\/v2\/media?parent=3933"}],"wp:term":[{"taxonomy":"product_cat","embeddable":true,"href":"https:\/\/casadolivreiro.pt\/index.php\/wp-json\/wp\/v2\/product_cat?post=3933"},{"taxonomy":"product_tag","embeddable":true,"href":"https:\/\/casadolivreiro.pt\/index.php\/wp-json\/wp\/v2\/product_tag?post=3933"}],"curies":[{"name":"wp","href":"https:\/\/api.w.org\/{rel}","templated":true}]}}