{"id":3931,"date":"2025-03-31T00:58:12","date_gmt":"2025-03-31T00:58:12","guid":{"rendered":"https:\/\/casadolivreiro.pt\/?post_type=product&#038;p=3931"},"modified":"2025-03-31T00:58:12","modified_gmt":"2025-03-31T00:58:12","slug":"revista-lusitana-nova-serie-1-fundada-por-jose-leite-de-vasconcellos","status":"publish","type":"product","link":"https:\/\/casadolivreiro.pt\/index.php\/product\/revista-lusitana-nova-serie-1-fundada-por-jose-leite-de-vasconcellos\/","title":{"rendered":"REVISTA LUSITANA, Nova Serie, 1 \u2013 Fundada por Jos\u00e9 Leite de Vasconcellos"},"content":{"rendered":"<p>REVISTA LUSITANA, Nova Serie, 1 \u2013 Fundada por Jos\u00e9 Leite de Vasconcellos<\/p>\n<p>Ano de edi\u00e7\u00e3o: 1981<\/p>\n<p>Editor: Instituto\u00a0 Nacional de Investiga\u00e7\u00e3o Cientifica<\/p>\n<p>Idioma: Portugu\u00eas<\/p>\n<p>Dimens\u00f5es: 16.5 x 0.8 x 23cm<\/p>\n<p>Encaderna\u00e7\u00e3o: Capa mole<\/p>\n<p>P\u00e1ginas: 153<\/p>\n","protected":false},"excerpt":{"rendered":"<p>REVISTA LUSITANA, Nova Serie, 1 \u2013 Fundada por Jos\u00e9 Leite de Vasconcellos Ano de edi\u00e7\u00e3o: 1981 Editor: Instituto\u00a0 Nacional de Investiga\u00e7\u00e3o Cientifica Idioma: Portugu\u00eas Dimens\u00f5es: 16.5 x 0.8 x 23cm Encaderna\u00e7\u00e3o: Capa mole P\u00e1ginas: 153<\/p>\n","protected":false},"featured_media":3932,"comment_status":"open","ping_status":"closed","template":"","meta":{"om_disable_all_campaigns":false,"_monsterinsights_skip_tracking":false,"_monsterinsights_sitenote_active":false,"_monsterinsights_sitenote_note":"","_monsterinsights_sitenote_category":0,"_uf_show_specific_survey":0,"_uf_disable_surveys":false},"product_cat":[31,65],"product_tag":[],"aioseo_notices":[],"jetpack_sharing_enabled":true,"_links":{"self":[{"href":"https:\/\/casadolivreiro.pt\/index.php\/wp-json\/wp\/v2\/product\/3931"}],"collection":[{"href":"https:\/\/casadolivreiro.pt\/index.php\/wp-json\/wp\/v2\/product"}],"about":[{"href":"https:\/\/casadolivreiro.pt\/index.php\/wp-json\/wp\/v2\/types\/product"}],"replies":[{"embeddable":true,"href":"https:\/\/casadolivreiro.pt\/index.php\/wp-json\/wp\/v2\/comments?post=3931"}],"wp:featuredmedia":[{"embeddable":true,"href":"https:\/\/casadolivreiro.pt\/index.php\/wp-json\/wp\/v2\/media\/3932"}],"wp:attachment":[{"href":"https:\/\/casadolivreiro.pt\/index.php\/wp-json\/wp\/v2\/media?parent=3931"}],"wp:term":[{"taxonomy":"product_cat","embeddable":true,"href":"https:\/\/casadolivreiro.pt\/index.php\/wp-json\/wp\/v2\/product_cat?post=3931"},{"taxonomy":"product_tag","embeddable":true,"href":"https:\/\/casadolivreiro.pt\/index.php\/wp-json\/wp\/v2\/product_tag?post=3931"}],"curies":[{"name":"wp","href":"https:\/\/api.w.org\/{rel}","templated":true}]}}