{"id":3927,"date":"2025-03-31T00:41:20","date_gmt":"2025-03-31T00:41:20","guid":{"rendered":"https:\/\/casadolivreiro.pt\/?post_type=product&#038;p=3927"},"modified":"2025-03-31T00:41:20","modified_gmt":"2025-03-31T00:41:20","slug":"o-inimigo-sem-rosto-fraude-e-corrupcao-em-portugal-maria-jose-morgado-e-jose-vegar","status":"publish","type":"product","link":"https:\/\/casadolivreiro.pt\/index.php\/product\/o-inimigo-sem-rosto-fraude-e-corrupcao-em-portugal-maria-jose-morgado-e-jose-vegar\/","title":{"rendered":"O INIMIGO SEM ROSTO: FRAUDE E CORRUP\u00c7\u00c3O EM PORTUGAL \u2013 Maria Jos\u00e9 Morgado e Jos\u00e9 Vegar"},"content":{"rendered":"<p>O INIMIGO SEM ROSTO: FRAUDE E CORRUP\u00c7\u00c3O EM PORTUGAL \u2013 Maria Jos\u00e9 Morgado e Jos\u00e9 Vegar<\/p>\n<p>Ano de edi\u00e7\u00e3o: 2003<\/p>\n<p>Editor: Dom Quixote<\/p>\n<p>Idioma: Portugu\u00eas<\/p>\n<p>Dimens\u00f5es: 15.4 x 1 x 23.3cm<\/p>\n<p>Encaderna\u00e7\u00e3o: Capa mole<\/p>\n<p>P\u00e1ginas: 151<\/p>\n","protected":false},"excerpt":{"rendered":"<p>O INIMIGO SEM ROSTO: FRAUDE E CORRUP\u00c7\u00c3O EM PORTUGAL \u2013 Maria Jos\u00e9 Morgado e Jos\u00e9 Vegar Ano de edi\u00e7\u00e3o: 2003 Editor: Dom Quixote Idioma: Portugu\u00eas Dimens\u00f5es: 15.4 x 1 x 23.3cm Encaderna\u00e7\u00e3o: Capa mole P\u00e1ginas: 151<\/p>\n","protected":false},"featured_media":3928,"comment_status":"open","ping_status":"closed","template":"","meta":{"om_disable_all_campaigns":false,"_monsterinsights_skip_tracking":false,"_monsterinsights_sitenote_active":false,"_monsterinsights_sitenote_note":"","_monsterinsights_sitenote_category":0,"_uf_show_specific_survey":0,"_uf_disable_surveys":false},"product_cat":[31,41,51],"product_tag":[],"aioseo_notices":[],"jetpack_sharing_enabled":true,"_links":{"self":[{"href":"https:\/\/casadolivreiro.pt\/index.php\/wp-json\/wp\/v2\/product\/3927"}],"collection":[{"href":"https:\/\/casadolivreiro.pt\/index.php\/wp-json\/wp\/v2\/product"}],"about":[{"href":"https:\/\/casadolivreiro.pt\/index.php\/wp-json\/wp\/v2\/types\/product"}],"replies":[{"embeddable":true,"href":"https:\/\/casadolivreiro.pt\/index.php\/wp-json\/wp\/v2\/comments?post=3927"}],"wp:featuredmedia":[{"embeddable":true,"href":"https:\/\/casadolivreiro.pt\/index.php\/wp-json\/wp\/v2\/media\/3928"}],"wp:attachment":[{"href":"https:\/\/casadolivreiro.pt\/index.php\/wp-json\/wp\/v2\/media?parent=3927"}],"wp:term":[{"taxonomy":"product_cat","embeddable":true,"href":"https:\/\/casadolivreiro.pt\/index.php\/wp-json\/wp\/v2\/product_cat?post=3927"},{"taxonomy":"product_tag","embeddable":true,"href":"https:\/\/casadolivreiro.pt\/index.php\/wp-json\/wp\/v2\/product_tag?post=3927"}],"curies":[{"name":"wp","href":"https:\/\/api.w.org\/{rel}","templated":true}]}}