{"id":3919,"date":"2025-03-31T00:16:28","date_gmt":"2025-03-31T00:16:28","guid":{"rendered":"https:\/\/casadolivreiro.pt\/?post_type=product&#038;p=3919"},"modified":"2025-03-31T00:16:28","modified_gmt":"2025-03-31T00:16:28","slug":"nomenklatura-os-privilegiados-na-u-r-s-s-mikhail-voslensky","status":"publish","type":"product","link":"https:\/\/casadolivreiro.pt\/index.php\/product\/nomenklatura-os-privilegiados-na-u-r-s-s-mikhail-voslensky\/","title":{"rendered":"NOMENKLATURA: OS PRIVILEGIADOS NA U.R.S.S. \u2013 Mikhail Voslensky"},"content":{"rendered":"<p>NOMENKLATURA: OS PRIVILEGIADOS NA U.R.S.S. \u2013 Mikhail Voslensky<\/p>\n<p>Tradu\u00e7\u00e3o de Mascarenhas Barreto<\/p>\n<p>Ano de edi\u00e7\u00e3o: 1982<\/p>\n<p>Editor: Livros do Brasil, Lisboa<\/p>\n<p>Idioma: Portugu\u00eas<\/p>\n<p>Dimens\u00f5es: 15 x 2.9 x 21.5cm<\/p>\n<p>Encaderna\u00e7\u00e3o: Capa mole<\/p>\n<p>P\u00e1ginas: 459<\/p>\n","protected":false},"excerpt":{"rendered":"<p>NOMENKLATURA: OS PRIVILEGIADOS NA U.R.S.S. \u2013 Mikhail Voslensky Tradu\u00e7\u00e3o de Mascarenhas Barreto Ano de edi\u00e7\u00e3o: 1982 Editor: Livros do Brasil, Lisboa Idioma: Portugu\u00eas Dimens\u00f5es: 15 x 2.9 x 21.5cm Encaderna\u00e7\u00e3o: Capa mole P\u00e1ginas: 459<\/p>\n","protected":false},"featured_media":3920,"comment_status":"open","ping_status":"closed","template":"","meta":{"om_disable_all_campaigns":false,"_monsterinsights_skip_tracking":false,"_monsterinsights_sitenote_active":false,"_monsterinsights_sitenote_note":"","_monsterinsights_sitenote_category":0,"_uf_show_specific_survey":0,"_uf_disable_surveys":false},"product_cat":[30,64,51],"product_tag":[],"aioseo_notices":[],"jetpack_sharing_enabled":true,"_links":{"self":[{"href":"https:\/\/casadolivreiro.pt\/index.php\/wp-json\/wp\/v2\/product\/3919"}],"collection":[{"href":"https:\/\/casadolivreiro.pt\/index.php\/wp-json\/wp\/v2\/product"}],"about":[{"href":"https:\/\/casadolivreiro.pt\/index.php\/wp-json\/wp\/v2\/types\/product"}],"replies":[{"embeddable":true,"href":"https:\/\/casadolivreiro.pt\/index.php\/wp-json\/wp\/v2\/comments?post=3919"}],"wp:featuredmedia":[{"embeddable":true,"href":"https:\/\/casadolivreiro.pt\/index.php\/wp-json\/wp\/v2\/media\/3920"}],"wp:attachment":[{"href":"https:\/\/casadolivreiro.pt\/index.php\/wp-json\/wp\/v2\/media?parent=3919"}],"wp:term":[{"taxonomy":"product_cat","embeddable":true,"href":"https:\/\/casadolivreiro.pt\/index.php\/wp-json\/wp\/v2\/product_cat?post=3919"},{"taxonomy":"product_tag","embeddable":true,"href":"https:\/\/casadolivreiro.pt\/index.php\/wp-json\/wp\/v2\/product_tag?post=3919"}],"curies":[{"name":"wp","href":"https:\/\/api.w.org\/{rel}","templated":true}]}}