{"id":3917,"date":"2025-03-31T00:07:54","date_gmt":"2025-03-31T00:07:54","guid":{"rendered":"https:\/\/casadolivreiro.pt\/?post_type=product&#038;p=3917"},"modified":"2025-03-31T00:07:54","modified_gmt":"2025-03-31T00:07:54","slug":"salazar-e-a-rainha-advento-da-republica-restauracao-da-monarquia-fernando-amaro-monteiro","status":"publish","type":"product","link":"https:\/\/casadolivreiro.pt\/index.php\/product\/salazar-e-a-rainha-advento-da-republica-restauracao-da-monarquia-fernando-amaro-monteiro\/","title":{"rendered":"SALAZAR E A RAINHA: Advento da Rep\u00fablica. Restaura\u00e7\u00e3o da Monarquia? \u2013 Fernando Amaro Monteiro"},"content":{"rendered":"<p>SALAZAR E A RAINHA: Advento da Rep\u00fablica. Restaura\u00e7\u00e3o da Monarquia? \u2013 Fernando Amaro Monteiro<\/p>\n<p>Ano de edi\u00e7\u00e3o: 2006<\/p>\n<p>Editor: Pref\u00e1cio<\/p>\n<p>Idioma: Portugu\u00eas<\/p>\n<p>Dimens\u00f5es: 15 x 1.8 x 23cm<\/p>\n<p>Encaderna\u00e7\u00e3o: Capa mole<\/p>\n<p>P\u00e1ginas: 329<\/p>\n","protected":false},"excerpt":{"rendered":"<p>SALAZAR E A RAINHA: Advento da Rep\u00fablica. Restaura\u00e7\u00e3o da Monarquia? \u2013 Fernando Amaro Monteiro Ano de edi\u00e7\u00e3o: 2006 Editor: Pref\u00e1cio Idioma: Portugu\u00eas Dimens\u00f5es: 15 x 1.8 x 23cm Encaderna\u00e7\u00e3o: Capa mole P\u00e1ginas: 329<\/p>\n","protected":false},"featured_media":3918,"comment_status":"open","ping_status":"closed","template":"","meta":{"om_disable_all_campaigns":false,"_monsterinsights_skip_tracking":false,"_monsterinsights_sitenote_active":false,"_monsterinsights_sitenote_note":"","_monsterinsights_sitenote_category":0,"_uf_show_specific_survey":0,"_uf_disable_surveys":false},"product_cat":[30,64,51],"product_tag":[],"aioseo_notices":[],"jetpack_sharing_enabled":true,"_links":{"self":[{"href":"https:\/\/casadolivreiro.pt\/index.php\/wp-json\/wp\/v2\/product\/3917"}],"collection":[{"href":"https:\/\/casadolivreiro.pt\/index.php\/wp-json\/wp\/v2\/product"}],"about":[{"href":"https:\/\/casadolivreiro.pt\/index.php\/wp-json\/wp\/v2\/types\/product"}],"replies":[{"embeddable":true,"href":"https:\/\/casadolivreiro.pt\/index.php\/wp-json\/wp\/v2\/comments?post=3917"}],"wp:featuredmedia":[{"embeddable":true,"href":"https:\/\/casadolivreiro.pt\/index.php\/wp-json\/wp\/v2\/media\/3918"}],"wp:attachment":[{"href":"https:\/\/casadolivreiro.pt\/index.php\/wp-json\/wp\/v2\/media?parent=3917"}],"wp:term":[{"taxonomy":"product_cat","embeddable":true,"href":"https:\/\/casadolivreiro.pt\/index.php\/wp-json\/wp\/v2\/product_cat?post=3917"},{"taxonomy":"product_tag","embeddable":true,"href":"https:\/\/casadolivreiro.pt\/index.php\/wp-json\/wp\/v2\/product_tag?post=3917"}],"curies":[{"name":"wp","href":"https:\/\/api.w.org\/{rel}","templated":true}]}}