{"id":3911,"date":"2025-03-30T19:52:53","date_gmt":"2025-03-30T19:52:53","guid":{"rendered":"https:\/\/casadolivreiro.pt\/?post_type=product&#038;p=3911"},"modified":"2025-03-30T19:52:53","modified_gmt":"2025-03-30T19:52:53","slug":"celebrating-25-years-xxv-herbalife-1980-2005","status":"publish","type":"product","link":"https:\/\/casadolivreiro.pt\/index.php\/product\/celebrating-25-years-xxv-herbalife-1980-2005\/","title":{"rendered":"CELEBRATING 25 YEARS: XXV HERBALIFE  1980-2005"},"content":{"rendered":"<p>CELEBRATING 25 YEARS: XXV HERBALIFE\u00a0 1980-2005<\/p>\n<p>Edi\u00e7\u00e3o Portuguesa<\/p>\n<p>Ano de edi\u00e7\u00e3o: 2005<\/p>\n<p>Editor: Herbalife<\/p>\n<p>Idioma: Portugu\u00eas<\/p>\n<p>Dimens\u00f5es: 22 x 1.3 x 28.5cm<\/p>\n<p>Encaderna\u00e7\u00e3o: Capa dura<\/p>\n<p>P\u00e1ginas: 167<\/p>\n","protected":false},"excerpt":{"rendered":"<p>CELEBRATING 25 YEARS: XXV HERBALIFE\u00a0 1980-2005 Edi\u00e7\u00e3o Portuguesa Ano de edi\u00e7\u00e3o: 2005 Editor: Herbalife Idioma: Portugu\u00eas Dimens\u00f5es: 22 x 1.3 x 28.5cm Encaderna\u00e7\u00e3o: Capa dura P\u00e1ginas: 167<\/p>\n","protected":false},"featured_media":3912,"comment_status":"open","ping_status":"closed","template":"","meta":{"om_disable_all_campaigns":false,"_monsterinsights_skip_tracking":false,"_monsterinsights_sitenote_active":false,"_monsterinsights_sitenote_note":"","_monsterinsights_sitenote_category":0,"_uf_show_specific_survey":0,"_uf_disable_surveys":false},"product_cat":[41,49],"product_tag":[],"aioseo_notices":[],"jetpack_sharing_enabled":true,"_links":{"self":[{"href":"https:\/\/casadolivreiro.pt\/index.php\/wp-json\/wp\/v2\/product\/3911"}],"collection":[{"href":"https:\/\/casadolivreiro.pt\/index.php\/wp-json\/wp\/v2\/product"}],"about":[{"href":"https:\/\/casadolivreiro.pt\/index.php\/wp-json\/wp\/v2\/types\/product"}],"replies":[{"embeddable":true,"href":"https:\/\/casadolivreiro.pt\/index.php\/wp-json\/wp\/v2\/comments?post=3911"}],"wp:featuredmedia":[{"embeddable":true,"href":"https:\/\/casadolivreiro.pt\/index.php\/wp-json\/wp\/v2\/media\/3912"}],"wp:attachment":[{"href":"https:\/\/casadolivreiro.pt\/index.php\/wp-json\/wp\/v2\/media?parent=3911"}],"wp:term":[{"taxonomy":"product_cat","embeddable":true,"href":"https:\/\/casadolivreiro.pt\/index.php\/wp-json\/wp\/v2\/product_cat?post=3911"},{"taxonomy":"product_tag","embeddable":true,"href":"https:\/\/casadolivreiro.pt\/index.php\/wp-json\/wp\/v2\/product_tag?post=3911"}],"curies":[{"name":"wp","href":"https:\/\/api.w.org\/{rel}","templated":true}]}}