{"id":391,"date":"2024-03-11T17:48:50","date_gmt":"2024-03-11T17:48:50","guid":{"rendered":"https:\/\/casadolivreiro.pt\/?post_type=product&#038;p=391"},"modified":"2024-03-11T17:48:50","modified_gmt":"2024-03-11T17:48:50","slug":"os-investigadores-the-questers-e-w-hildick","status":"publish","type":"product","link":"https:\/\/casadolivreiro.pt\/index.php\/product\/os-investigadores-the-questers-e-w-hildick\/","title":{"rendered":"OS INVESTIGADORES: The Questers  &#8211; E.W. Hildick"},"content":{"rendered":"<p>OS INVESTIGADORES: The Questers<br \/>\nE.W. Hildick<br \/>\nTradu\u00e7\u00e3o de Sampaio Marinho<br \/>\nEditor: Livraria Classica Editora, Lisboa<br \/>\nData de Lan\u00e7amento: 1969, 1.a edi\u00e7\u00e3o<br \/>\nIdioma:\u00a0 Portugu\u00eas<br \/>\nDimens\u00f5es: 12 x 1.8 x 18.8 cm<br \/>\nEncaderna\u00e7\u00e3o: Capa dura<br \/>\nP\u00e1ginas: 201<\/p>\n","protected":false},"excerpt":{"rendered":"<p>OS INVESTIGADORES: The Questers E.W. Hildick Tradu\u00e7\u00e3o de Sampaio Marinho Editor: Livraria Classica Editora, Lisboa Data de Lan\u00e7amento: 1969, 1.a edi\u00e7\u00e3o Idioma:\u00a0 Portugu\u00eas Dimens\u00f5es: 12 x 1.8 x 18.8 cm Encaderna\u00e7\u00e3o: Capa dura P\u00e1ginas: 201<\/p>\n","protected":false},"featured_media":392,"comment_status":"open","ping_status":"closed","template":"","meta":{"om_disable_all_campaigns":false,"_monsterinsights_skip_tracking":false,"_monsterinsights_sitenote_active":false,"_monsterinsights_sitenote_note":"","_monsterinsights_sitenote_category":0,"_uf_show_specific_survey":0,"_uf_disable_surveys":false},"product_cat":[34,61],"product_tag":[],"aioseo_notices":[],"jetpack_sharing_enabled":true,"_links":{"self":[{"href":"https:\/\/casadolivreiro.pt\/index.php\/wp-json\/wp\/v2\/product\/391"}],"collection":[{"href":"https:\/\/casadolivreiro.pt\/index.php\/wp-json\/wp\/v2\/product"}],"about":[{"href":"https:\/\/casadolivreiro.pt\/index.php\/wp-json\/wp\/v2\/types\/product"}],"replies":[{"embeddable":true,"href":"https:\/\/casadolivreiro.pt\/index.php\/wp-json\/wp\/v2\/comments?post=391"}],"wp:featuredmedia":[{"embeddable":true,"href":"https:\/\/casadolivreiro.pt\/index.php\/wp-json\/wp\/v2\/media\/392"}],"wp:attachment":[{"href":"https:\/\/casadolivreiro.pt\/index.php\/wp-json\/wp\/v2\/media?parent=391"}],"wp:term":[{"taxonomy":"product_cat","embeddable":true,"href":"https:\/\/casadolivreiro.pt\/index.php\/wp-json\/wp\/v2\/product_cat?post=391"},{"taxonomy":"product_tag","embeddable":true,"href":"https:\/\/casadolivreiro.pt\/index.php\/wp-json\/wp\/v2\/product_tag?post=391"}],"curies":[{"name":"wp","href":"https:\/\/api.w.org\/{rel}","templated":true}]}}