{"id":3906,"date":"2025-03-30T19:38:48","date_gmt":"2025-03-30T19:38:48","guid":{"rendered":"https:\/\/casadolivreiro.pt\/?post_type=product&#038;p=3906"},"modified":"2025-03-30T19:38:48","modified_gmt":"2025-03-30T19:38:48","slug":"helga-erich-f-bender-traducao-do-dr-ramiro-da-fonseca","status":"publish","type":"product","link":"https:\/\/casadolivreiro.pt\/index.php\/product\/helga-erich-f-bender-traducao-do-dr-ramiro-da-fonseca\/","title":{"rendered":"HELGA \u2013 Erich F. Bender  Tradu\u00e7\u00e3o do Dr. Ramiro da Fonseca"},"content":{"rendered":"<p>HELGA \u2013 Erich F. Bender<\/p>\n<p>Tradu\u00e7\u00e3o do Dr. Ramiro da Fonseca<\/p>\n<p>Ano de edi\u00e7\u00e3o: 1969<\/p>\n<p>Editor: Europa-Am\u00e9rica<\/p>\n<p>Idioma: Portugu\u00eas<\/p>\n<p>Dimens\u00f5es: 18 x 1.8 x 24.5cm<\/p>\n<p>Encaderna\u00e7\u00e3o: Capa dura<\/p>\n<p>P\u00e1ginas: 253<\/p>\n","protected":false},"excerpt":{"rendered":"<p>HELGA \u2013 Erich F. Bender Tradu\u00e7\u00e3o do Dr. Ramiro da Fonseca Ano de edi\u00e7\u00e3o: 1969 Editor: Europa-Am\u00e9rica Idioma: Portugu\u00eas Dimens\u00f5es: 18 x 1.8 x 24.5cm Encaderna\u00e7\u00e3o: Capa dura P\u00e1ginas: 253<\/p>\n","protected":false},"featured_media":3907,"comment_status":"open","ping_status":"closed","template":"","meta":{"om_disable_all_campaigns":false,"_monsterinsights_skip_tracking":false,"_monsterinsights_sitenote_active":false,"_monsterinsights_sitenote_note":"","_monsterinsights_sitenote_category":0,"_uf_show_specific_survey":0,"_uf_disable_surveys":false},"product_cat":[31,47,43,67],"product_tag":[],"aioseo_notices":[],"jetpack_sharing_enabled":true,"_links":{"self":[{"href":"https:\/\/casadolivreiro.pt\/index.php\/wp-json\/wp\/v2\/product\/3906"}],"collection":[{"href":"https:\/\/casadolivreiro.pt\/index.php\/wp-json\/wp\/v2\/product"}],"about":[{"href":"https:\/\/casadolivreiro.pt\/index.php\/wp-json\/wp\/v2\/types\/product"}],"replies":[{"embeddable":true,"href":"https:\/\/casadolivreiro.pt\/index.php\/wp-json\/wp\/v2\/comments?post=3906"}],"wp:featuredmedia":[{"embeddable":true,"href":"https:\/\/casadolivreiro.pt\/index.php\/wp-json\/wp\/v2\/media\/3907"}],"wp:attachment":[{"href":"https:\/\/casadolivreiro.pt\/index.php\/wp-json\/wp\/v2\/media?parent=3906"}],"wp:term":[{"taxonomy":"product_cat","embeddable":true,"href":"https:\/\/casadolivreiro.pt\/index.php\/wp-json\/wp\/v2\/product_cat?post=3906"},{"taxonomy":"product_tag","embeddable":true,"href":"https:\/\/casadolivreiro.pt\/index.php\/wp-json\/wp\/v2\/product_tag?post=3906"}],"curies":[{"name":"wp","href":"https:\/\/api.w.org\/{rel}","templated":true}]}}