{"id":3898,"date":"2025-03-29T23:29:16","date_gmt":"2025-03-29T23:29:16","guid":{"rendered":"https:\/\/casadolivreiro.pt\/?post_type=product&#038;p=3898"},"modified":"2025-03-29T23:29:16","modified_gmt":"2025-03-29T23:29:16","slug":"ciencia-uniao-sovietica-presente-e-futuro","status":"publish","type":"product","link":"https:\/\/casadolivreiro.pt\/index.php\/product\/ciencia-uniao-sovietica-presente-e-futuro\/","title":{"rendered":"CI\u00caNCIA, Uni\u00e3o Sovi\u00e9tica: Presente e Futuro"},"content":{"rendered":"<p>CI\u00caNCIA, Uni\u00e3o Sovi\u00e9tica: Presente e Futuro<\/p>\n<p>Ano de edi\u00e7\u00e3o: 1981<\/p>\n<p>Editor: Ag\u00eancia de Imprensa N\u00f3vosti<\/p>\n<p>Idioma: Portugu\u00eas<\/p>\n<p>Dimens\u00f5es: 11.5 x 0.5 x 19cm<\/p>\n<p>Encaderna\u00e7\u00e3o: Capa mole<\/p>\n<p>P\u00e1ginas: 53<\/p>\n","protected":false},"excerpt":{"rendered":"<p>CI\u00caNCIA, Uni\u00e3o Sovi\u00e9tica: Presente e Futuro Ano de edi\u00e7\u00e3o: 1981 Editor: Ag\u00eancia de Imprensa N\u00f3vosti Idioma: Portugu\u00eas Dimens\u00f5es: 11.5 x 0.5 x 19cm Encaderna\u00e7\u00e3o: Capa mole P\u00e1ginas: 53<\/p>\n","protected":false},"featured_media":3899,"comment_status":"open","ping_status":"closed","template":"","meta":{"om_disable_all_campaigns":false,"_monsterinsights_skip_tracking":false,"_monsterinsights_sitenote_active":false,"_monsterinsights_sitenote_note":"","_monsterinsights_sitenote_category":0,"_uf_show_specific_survey":0,"_uf_disable_surveys":false},"product_cat":[31,65],"product_tag":[],"aioseo_notices":[],"jetpack_sharing_enabled":true,"_links":{"self":[{"href":"https:\/\/casadolivreiro.pt\/index.php\/wp-json\/wp\/v2\/product\/3898"}],"collection":[{"href":"https:\/\/casadolivreiro.pt\/index.php\/wp-json\/wp\/v2\/product"}],"about":[{"href":"https:\/\/casadolivreiro.pt\/index.php\/wp-json\/wp\/v2\/types\/product"}],"replies":[{"embeddable":true,"href":"https:\/\/casadolivreiro.pt\/index.php\/wp-json\/wp\/v2\/comments?post=3898"}],"wp:featuredmedia":[{"embeddable":true,"href":"https:\/\/casadolivreiro.pt\/index.php\/wp-json\/wp\/v2\/media\/3899"}],"wp:attachment":[{"href":"https:\/\/casadolivreiro.pt\/index.php\/wp-json\/wp\/v2\/media?parent=3898"}],"wp:term":[{"taxonomy":"product_cat","embeddable":true,"href":"https:\/\/casadolivreiro.pt\/index.php\/wp-json\/wp\/v2\/product_cat?post=3898"},{"taxonomy":"product_tag","embeddable":true,"href":"https:\/\/casadolivreiro.pt\/index.php\/wp-json\/wp\/v2\/product_tag?post=3898"}],"curies":[{"name":"wp","href":"https:\/\/api.w.org\/{rel}","templated":true}]}}