{"id":3897,"date":"2025-03-29T23:21:45","date_gmt":"2025-03-29T23:21:45","guid":{"rendered":"https:\/\/casadolivreiro.pt\/?post_type=product&#038;p=3897"},"modified":"2025-03-29T23:21:45","modified_gmt":"2025-03-29T23:21:45","slug":"a-primeira-republica-portuguesa-para-uma-visao-estrutural-ah-de-oliveira-marques","status":"publish","type":"product","link":"https:\/\/casadolivreiro.pt\/index.php\/product\/a-primeira-republica-portuguesa-para-uma-visao-estrutural-ah-de-oliveira-marques\/","title":{"rendered":"A PRIMEIRA REP\u00d9BLICA PORTUGUESA: para uma vis\u00e3o estrutural \u2013 AH de Oliveira Marques"},"content":{"rendered":"<p>A PRIMEIRA REP\u00d9BLICA PORTUGUESA: para uma vis\u00e3o estrutural \u2013 AH de Oliveira Marques<\/p>\n<p>Colec\u00e7\u00e3o Horizonte #13<\/p>\n<p>Ano de edi\u00e7\u00e3o:<\/p>\n<p>Editor: Livros Horizonte<\/p>\n<p>Idioma: Portugu\u00eas<\/p>\n<p>Dimens\u00f5es: 11.5 x 1.6 x 18.2cm<\/p>\n<p>Encaderna\u00e7\u00e3o: Capa mole<\/p>\n<p>P\u00e1ginas: 204<\/p>\n","protected":false},"excerpt":{"rendered":"<p>A PRIMEIRA REP\u00d9BLICA PORTUGUESA: para uma vis\u00e3o estrutural \u2013 AH de Oliveira Marques Colec\u00e7\u00e3o Horizonte #13 Ano de edi\u00e7\u00e3o: Editor: Livros Horizonte Idioma: Portugu\u00eas Dimens\u00f5es: 11.5 x 1.6 x 18.2cm Encaderna\u00e7\u00e3o: Capa mole P\u00e1ginas: 204<\/p>\n","protected":false},"featured_media":3895,"comment_status":"open","ping_status":"closed","template":"","meta":{"om_disable_all_campaigns":false,"_monsterinsights_skip_tracking":false,"_monsterinsights_sitenote_active":false,"_monsterinsights_sitenote_note":"","_monsterinsights_sitenote_category":0,"_uf_show_specific_survey":0,"_uf_disable_surveys":false},"product_cat":[31,30,59],"product_tag":[],"aioseo_notices":[],"jetpack_sharing_enabled":true,"_links":{"self":[{"href":"https:\/\/casadolivreiro.pt\/index.php\/wp-json\/wp\/v2\/product\/3897"}],"collection":[{"href":"https:\/\/casadolivreiro.pt\/index.php\/wp-json\/wp\/v2\/product"}],"about":[{"href":"https:\/\/casadolivreiro.pt\/index.php\/wp-json\/wp\/v2\/types\/product"}],"replies":[{"embeddable":true,"href":"https:\/\/casadolivreiro.pt\/index.php\/wp-json\/wp\/v2\/comments?post=3897"}],"wp:featuredmedia":[{"embeddable":true,"href":"https:\/\/casadolivreiro.pt\/index.php\/wp-json\/wp\/v2\/media\/3895"}],"wp:attachment":[{"href":"https:\/\/casadolivreiro.pt\/index.php\/wp-json\/wp\/v2\/media?parent=3897"}],"wp:term":[{"taxonomy":"product_cat","embeddable":true,"href":"https:\/\/casadolivreiro.pt\/index.php\/wp-json\/wp\/v2\/product_cat?post=3897"},{"taxonomy":"product_tag","embeddable":true,"href":"https:\/\/casadolivreiro.pt\/index.php\/wp-json\/wp\/v2\/product_tag?post=3897"}],"curies":[{"name":"wp","href":"https:\/\/api.w.org\/{rel}","templated":true}]}}