{"id":3894,"date":"2025-03-29T23:12:52","date_gmt":"2025-03-29T23:12:52","guid":{"rendered":"https:\/\/casadolivreiro.pt\/?post_type=product&#038;p=3894"},"modified":"2025-03-29T23:12:52","modified_gmt":"2025-03-29T23:12:52","slug":"cem-argumentos-a-logica-a-retorica-e-o-direito-ao-servico-da-argumentacao-paulo-morgado","status":"publish","type":"product","link":"https:\/\/casadolivreiro.pt\/index.php\/product\/cem-argumentos-a-logica-a-retorica-e-o-direito-ao-servico-da-argumentacao-paulo-morgado\/","title":{"rendered":"CEM ARGUMENTOS: A L\u00f3gica, a Ret\u00f3rica e o Direito ao servi\u00e7o da argumenta\u00e7\u00e3o \u2013 Paulo Morgado"},"content":{"rendered":"<p>CEM ARGUMENTOS: A L\u00f3gica, a Ret\u00f3rica e o Direito ao servi\u00e7o da argumenta\u00e7\u00e3o \u2013 Paulo Morgado<\/p>\n<p>Ano de edi\u00e7\u00e3o: 2003<\/p>\n<p>Editor: Vida Econ\u00f3mica, Porto<\/p>\n<p>Idioma: Portugu\u00eas<\/p>\n<p>Dimens\u00f5es: 15.3 x 2 x 23cm<\/p>\n<p>Encaderna\u00e7\u00e3o: Capa mole<\/p>\n<p>P\u00e1ginas: 225<\/p>\n","protected":false},"excerpt":{"rendered":"<p>CEM ARGUMENTOS: A L\u00f3gica, a Ret\u00f3rica e o Direito ao servi\u00e7o da argumenta\u00e7\u00e3o \u2013 Paulo Morgado Ano de edi\u00e7\u00e3o: 2003 Editor: Vida Econ\u00f3mica, Porto Idioma: Portugu\u00eas Dimens\u00f5es: 15.3 x 2 x 23cm Encaderna\u00e7\u00e3o: Capa mole P\u00e1ginas: 225<\/p>\n","protected":false},"featured_media":3896,"comment_status":"open","ping_status":"closed","template":"","meta":{"om_disable_all_campaigns":false,"_monsterinsights_skip_tracking":false,"_monsterinsights_sitenote_active":false,"_monsterinsights_sitenote_note":"","_monsterinsights_sitenote_category":0,"_uf_show_specific_survey":0,"_uf_disable_surveys":false},"product_cat":[31,41,47],"product_tag":[],"aioseo_notices":[],"jetpack_sharing_enabled":true,"_links":{"self":[{"href":"https:\/\/casadolivreiro.pt\/index.php\/wp-json\/wp\/v2\/product\/3894"}],"collection":[{"href":"https:\/\/casadolivreiro.pt\/index.php\/wp-json\/wp\/v2\/product"}],"about":[{"href":"https:\/\/casadolivreiro.pt\/index.php\/wp-json\/wp\/v2\/types\/product"}],"replies":[{"embeddable":true,"href":"https:\/\/casadolivreiro.pt\/index.php\/wp-json\/wp\/v2\/comments?post=3894"}],"wp:featuredmedia":[{"embeddable":true,"href":"https:\/\/casadolivreiro.pt\/index.php\/wp-json\/wp\/v2\/media\/3896"}],"wp:attachment":[{"href":"https:\/\/casadolivreiro.pt\/index.php\/wp-json\/wp\/v2\/media?parent=3894"}],"wp:term":[{"taxonomy":"product_cat","embeddable":true,"href":"https:\/\/casadolivreiro.pt\/index.php\/wp-json\/wp\/v2\/product_cat?post=3894"},{"taxonomy":"product_tag","embeddable":true,"href":"https:\/\/casadolivreiro.pt\/index.php\/wp-json\/wp\/v2\/product_tag?post=3894"}],"curies":[{"name":"wp","href":"https:\/\/api.w.org\/{rel}","templated":true}]}}