{"id":389,"date":"2024-03-11T17:36:49","date_gmt":"2024-03-11T17:36:49","guid":{"rendered":"https:\/\/casadolivreiro.pt\/?post_type=product&#038;p=389"},"modified":"2024-03-11T17:36:49","modified_gmt":"2024-03-11T17:36:49","slug":"economia-stanley-fischer-e-rudiger-dornbusch","status":"publish","type":"product","link":"https:\/\/casadolivreiro.pt\/index.php\/product\/economia-stanley-fischer-e-rudiger-dornbusch\/","title":{"rendered":"ECONOMIA &#8211; Stanley Fischer e Rudiger Dornbusch"},"content":{"rendered":"<p>ECONOMIA<br \/>\nStanley Fischer e Rudiger Dornbusch<br \/>\nTradu\u00e7\u00e3o de Luis Toharia Cort\u00e9s<br \/>\nISBN: 958-600-100-8<br \/>\nEditor: McGraw-Hill<br \/>\nData de Lan\u00e7amento: 1986<br \/>\nIdioma:\u00a0 Espanhol<br \/>\nDimens\u00f5es: 18.5 x 5.5 x\u00a0 23.5 cm<br \/>\nEncaderna\u00e7\u00e3o: Capa mole<br \/>\nP\u00e1ginas: 1055<\/p>\n","protected":false},"excerpt":{"rendered":"<p>ECONOMIA Stanley Fischer e Rudiger Dornbusch Tradu\u00e7\u00e3o de Luis Toharia Cort\u00e9s ISBN: 958-600-100-8 Editor: McGraw-Hill Data de Lan\u00e7amento: 1986 Idioma:\u00a0 Espanhol Dimens\u00f5es: 18.5 x 5.5 x\u00a0 23.5 cm Encaderna\u00e7\u00e3o: Capa mole P\u00e1ginas: 1055<\/p>\n","protected":false},"featured_media":390,"comment_status":"open","ping_status":"closed","template":"","meta":{"om_disable_all_campaigns":false,"_monsterinsights_skip_tracking":false,"_monsterinsights_sitenote_active":false,"_monsterinsights_sitenote_note":"","_monsterinsights_sitenote_category":0,"_uf_show_specific_survey":0,"_uf_disable_surveys":false},"product_cat":[41,47],"product_tag":[],"aioseo_notices":[],"jetpack_sharing_enabled":true,"_links":{"self":[{"href":"https:\/\/casadolivreiro.pt\/index.php\/wp-json\/wp\/v2\/product\/389"}],"collection":[{"href":"https:\/\/casadolivreiro.pt\/index.php\/wp-json\/wp\/v2\/product"}],"about":[{"href":"https:\/\/casadolivreiro.pt\/index.php\/wp-json\/wp\/v2\/types\/product"}],"replies":[{"embeddable":true,"href":"https:\/\/casadolivreiro.pt\/index.php\/wp-json\/wp\/v2\/comments?post=389"}],"wp:featuredmedia":[{"embeddable":true,"href":"https:\/\/casadolivreiro.pt\/index.php\/wp-json\/wp\/v2\/media\/390"}],"wp:attachment":[{"href":"https:\/\/casadolivreiro.pt\/index.php\/wp-json\/wp\/v2\/media?parent=389"}],"wp:term":[{"taxonomy":"product_cat","embeddable":true,"href":"https:\/\/casadolivreiro.pt\/index.php\/wp-json\/wp\/v2\/product_cat?post=389"},{"taxonomy":"product_tag","embeddable":true,"href":"https:\/\/casadolivreiro.pt\/index.php\/wp-json\/wp\/v2\/product_tag?post=389"}],"curies":[{"name":"wp","href":"https:\/\/api.w.org\/{rel}","templated":true}]}}