{"id":3888,"date":"2025-03-29T22:44:21","date_gmt":"2025-03-29T22:44:21","guid":{"rendered":"https:\/\/casadolivreiro.pt\/?post_type=product&#038;p=3888"},"modified":"2025-03-29T22:44:21","modified_gmt":"2025-03-29T22:44:21","slug":"ansianenses-ilustres-vol-1-manuel-augusto-dias","status":"publish","type":"product","link":"https:\/\/casadolivreiro.pt\/index.php\/product\/ansianenses-ilustres-vol-1-manuel-augusto-dias\/","title":{"rendered":"ANSIANENSES ILUSTRES, Vol.1 \u2013 Manuel Augusto Dias"},"content":{"rendered":"<p>ANSIANENSES ILUSTRES, Vol.1 \u2013 Manuel Augusto Dias<\/p>\n<p>Ano de edi\u00e7\u00e3o: 2002<\/p>\n<p>Editor: Editora Serras de Ansi\u00e3o<\/p>\n<p>Idioma: Portugu\u00eas<\/p>\n<p>Dimens\u00f5es: 16.8 x 2.2 x 23cm<\/p>\n<p>Encaderna\u00e7\u00e3o: Capa mole<\/p>\n<p>P\u00e1ginas: 303<\/p>\n","protected":false},"excerpt":{"rendered":"<p>ANSIANENSES ILUSTRES, Vol.1 \u2013 Manuel Augusto Dias Ano de edi\u00e7\u00e3o: 2002 Editor: Editora Serras de Ansi\u00e3o Idioma: Portugu\u00eas Dimens\u00f5es: 16.8 x 2.2 x 23cm Encaderna\u00e7\u00e3o: Capa mole P\u00e1ginas: 303<\/p>\n","protected":false},"featured_media":3889,"comment_status":"open","ping_status":"closed","template":"","meta":{"om_disable_all_campaigns":false,"_monsterinsights_skip_tracking":false,"_monsterinsights_sitenote_active":false,"_monsterinsights_sitenote_note":"","_monsterinsights_sitenote_category":0,"_uf_show_specific_survey":0,"_uf_disable_surveys":false},"product_cat":[28,30],"product_tag":[],"aioseo_notices":[],"jetpack_sharing_enabled":true,"_links":{"self":[{"href":"https:\/\/casadolivreiro.pt\/index.php\/wp-json\/wp\/v2\/product\/3888"}],"collection":[{"href":"https:\/\/casadolivreiro.pt\/index.php\/wp-json\/wp\/v2\/product"}],"about":[{"href":"https:\/\/casadolivreiro.pt\/index.php\/wp-json\/wp\/v2\/types\/product"}],"replies":[{"embeddable":true,"href":"https:\/\/casadolivreiro.pt\/index.php\/wp-json\/wp\/v2\/comments?post=3888"}],"wp:featuredmedia":[{"embeddable":true,"href":"https:\/\/casadolivreiro.pt\/index.php\/wp-json\/wp\/v2\/media\/3889"}],"wp:attachment":[{"href":"https:\/\/casadolivreiro.pt\/index.php\/wp-json\/wp\/v2\/media?parent=3888"}],"wp:term":[{"taxonomy":"product_cat","embeddable":true,"href":"https:\/\/casadolivreiro.pt\/index.php\/wp-json\/wp\/v2\/product_cat?post=3888"},{"taxonomy":"product_tag","embeddable":true,"href":"https:\/\/casadolivreiro.pt\/index.php\/wp-json\/wp\/v2\/product_tag?post=3888"}],"curies":[{"name":"wp","href":"https:\/\/api.w.org\/{rel}","templated":true}]}}