{"id":3874,"date":"2025-03-29T21:06:53","date_gmt":"2025-03-29T21:06:53","guid":{"rendered":"https:\/\/casadolivreiro.pt\/?post_type=product&#038;p=3874"},"modified":"2025-03-29T21:06:53","modified_gmt":"2025-03-29T21:06:53","slug":"a-revolucao-imediata-da-segunda-revolucao-americana-a-segunda-revolucao-mundial-jean-francois-revel","status":"publish","type":"product","link":"https:\/\/casadolivreiro.pt\/index.php\/product\/a-revolucao-imediata-da-segunda-revolucao-americana-a-segunda-revolucao-mundial-jean-francois-revel\/","title":{"rendered":"A REVOLU\u00c7\u00c3O IMEDIATA: da segunda revolu\u00e7\u00e3o americana \u00e0 segunda revolu\u00e7\u00e3o mundial \u2013 Jean-Fran\u00e7ois Revel"},"content":{"rendered":"<p>A REVOLU\u00c7\u00c3O IMEDIATA: da segunda revolu\u00e7\u00e3o americana \u00e0 segunda revolu\u00e7\u00e3o mundial \u2013 Jean-Fran\u00e7ois Revel<\/p>\n<p>Tradu\u00e7\u00e3o de Maria Emilia\u00a0 Mauhin<\/p>\n<p>Ano de edi\u00e7\u00e3o: 1970<\/p>\n<p>Editor: Livraria Bertrand, Lisboa<\/p>\n<p>Idioma: Portugu\u00eas<\/p>\n<p>Dimens\u00f5es: 16 x 2 x 21.5cm<\/p>\n<p>Encaderna\u00e7\u00e3o: Capa mole<\/p>\n<p>P\u00e1ginas: 323<\/p>\n","protected":false},"excerpt":{"rendered":"<p>A REVOLU\u00c7\u00c3O IMEDIATA: da segunda revolu\u00e7\u00e3o americana \u00e0 segunda revolu\u00e7\u00e3o mundial \u2013 Jean-Fran\u00e7ois Revel Tradu\u00e7\u00e3o de Maria Emilia\u00a0 Mauhin Ano de edi\u00e7\u00e3o: 1970 Editor: Livraria Bertrand, Lisboa Idioma: Portugu\u00eas Dimens\u00f5es: 16 x 2 x 21.5cm Encaderna\u00e7\u00e3o: Capa mole P\u00e1ginas: 323<\/p>\n","protected":false},"featured_media":3875,"comment_status":"open","ping_status":"closed","template":"","meta":{"om_disable_all_campaigns":false,"_monsterinsights_skip_tracking":false,"_monsterinsights_sitenote_active":false,"_monsterinsights_sitenote_note":"","_monsterinsights_sitenote_category":0,"_uf_show_specific_survey":0,"_uf_disable_surveys":false},"product_cat":[31,47,30,51],"product_tag":[],"aioseo_notices":[],"jetpack_sharing_enabled":true,"_links":{"self":[{"href":"https:\/\/casadolivreiro.pt\/index.php\/wp-json\/wp\/v2\/product\/3874"}],"collection":[{"href":"https:\/\/casadolivreiro.pt\/index.php\/wp-json\/wp\/v2\/product"}],"about":[{"href":"https:\/\/casadolivreiro.pt\/index.php\/wp-json\/wp\/v2\/types\/product"}],"replies":[{"embeddable":true,"href":"https:\/\/casadolivreiro.pt\/index.php\/wp-json\/wp\/v2\/comments?post=3874"}],"wp:featuredmedia":[{"embeddable":true,"href":"https:\/\/casadolivreiro.pt\/index.php\/wp-json\/wp\/v2\/media\/3875"}],"wp:attachment":[{"href":"https:\/\/casadolivreiro.pt\/index.php\/wp-json\/wp\/v2\/media?parent=3874"}],"wp:term":[{"taxonomy":"product_cat","embeddable":true,"href":"https:\/\/casadolivreiro.pt\/index.php\/wp-json\/wp\/v2\/product_cat?post=3874"},{"taxonomy":"product_tag","embeddable":true,"href":"https:\/\/casadolivreiro.pt\/index.php\/wp-json\/wp\/v2\/product_tag?post=3874"}],"curies":[{"name":"wp","href":"https:\/\/api.w.org\/{rel}","templated":true}]}}