{"id":3868,"date":"2025-03-29T19:26:10","date_gmt":"2025-03-29T19:26:10","guid":{"rendered":"https:\/\/casadolivreiro.pt\/?post_type=product&#038;p=3868"},"modified":"2025-03-29T19:26:10","modified_gmt":"2025-03-29T19:26:10","slug":"cadernos-f-a-o-j-serie-c-n-o-6-bento-de-jesus-caraca-um-humanista-para-o-nosso-tempo-alvaro-salema","status":"publish","type":"product","link":"https:\/\/casadolivreiro.pt\/index.php\/product\/cadernos-f-a-o-j-serie-c-n-o-6-bento-de-jesus-caraca-um-humanista-para-o-nosso-tempo-alvaro-salema\/","title":{"rendered":"CADERNOS F.A.O.J., S\u00e9rie C, N.\u00ba 6: BENTO DE JESUS CARA\u00c7A, um humanista para o nosso tempo- Alvaro Salema"},"content":{"rendered":"<p>CADERNOS F.A.O.J., S\u00e9rie C, N.\u00ba 6: BENTO DE JESUS CARA\u00c7A, um humanista para o nosso tempo- Alvaro Salema<\/p>\n<p>Ano de edi\u00e7\u00e3o: 1978<\/p>\n<p>Editor: F.A.O.J.\u00a0 \u2013 Divis\u00e3o de estudos e planeamento<\/p>\n<p>Idioma: Portugu\u00eas<\/p>\n<p>Dimens\u00f5es: 14.7 x 0.1 x 21cm<\/p>\n<p>Encaderna\u00e7\u00e3o: Capa mole<\/p>\n<p>P\u00e1ginas: 23<\/p>\n","protected":false},"excerpt":{"rendered":"<p>CADERNOS F.A.O.J., S\u00e9rie C, N.\u00ba 6: BENTO DE JESUS CARA\u00c7A, um humanista para o nosso tempo- Alvaro Salema Ano de edi\u00e7\u00e3o: 1978 Editor: F.A.O.J.\u00a0 \u2013 Divis\u00e3o de estudos e planeamento Idioma: Portugu\u00eas Dimens\u00f5es: 14.7 x 0.1 x 21cm Encaderna\u00e7\u00e3o: Capa mole P\u00e1ginas: 23<\/p>\n","protected":false},"featured_media":3869,"comment_status":"open","ping_status":"closed","template":"","meta":{"om_disable_all_campaigns":false,"_monsterinsights_skip_tracking":false,"_monsterinsights_sitenote_active":false,"_monsterinsights_sitenote_note":"","_monsterinsights_sitenote_category":0,"_uf_show_specific_survey":0,"_uf_disable_surveys":false},"product_cat":[28,47],"product_tag":[],"aioseo_notices":[],"jetpack_sharing_enabled":true,"_links":{"self":[{"href":"https:\/\/casadolivreiro.pt\/index.php\/wp-json\/wp\/v2\/product\/3868"}],"collection":[{"href":"https:\/\/casadolivreiro.pt\/index.php\/wp-json\/wp\/v2\/product"}],"about":[{"href":"https:\/\/casadolivreiro.pt\/index.php\/wp-json\/wp\/v2\/types\/product"}],"replies":[{"embeddable":true,"href":"https:\/\/casadolivreiro.pt\/index.php\/wp-json\/wp\/v2\/comments?post=3868"}],"wp:featuredmedia":[{"embeddable":true,"href":"https:\/\/casadolivreiro.pt\/index.php\/wp-json\/wp\/v2\/media\/3869"}],"wp:attachment":[{"href":"https:\/\/casadolivreiro.pt\/index.php\/wp-json\/wp\/v2\/media?parent=3868"}],"wp:term":[{"taxonomy":"product_cat","embeddable":true,"href":"https:\/\/casadolivreiro.pt\/index.php\/wp-json\/wp\/v2\/product_cat?post=3868"},{"taxonomy":"product_tag","embeddable":true,"href":"https:\/\/casadolivreiro.pt\/index.php\/wp-json\/wp\/v2\/product_tag?post=3868"}],"curies":[{"name":"wp","href":"https:\/\/api.w.org\/{rel}","templated":true}]}}