{"id":3867,"date":"2025-03-29T19:23:19","date_gmt":"2025-03-29T19:23:19","guid":{"rendered":"https:\/\/casadolivreiro.pt\/?post_type=product&#038;p=3867"},"modified":"2025-03-29T19:32:04","modified_gmt":"2025-03-29T19:32:04","slug":"cadernos-f-a-o-j-serie-a-n-o-12-animacao-cultural-do-publico-de-cinema-jose-vieira-marques","status":"publish","type":"product","link":"https:\/\/casadolivreiro.pt\/index.php\/product\/cadernos-f-a-o-j-serie-a-n-o-12-animacao-cultural-do-publico-de-cinema-jose-vieira-marques\/","title":{"rendered":"CADERNOS F.A.O.J., S\u00e9rie A, N.\u00ba 12: ANIMA\u00c7\u00c3O CULTURAL DO P\u00daBLICO DE CINEMA \u2013 Jos\u00e9 Vieira Marques"},"content":{"rendered":"<p>CADERNOS F.A.O.J., S\u00e9rie A, N.\u00ba 12: ANIMA\u00c7\u00c3O CULTURAL DO P\u00daBLICO DE CINEMA \u2013 Jos\u00e9 Vieira Marques<\/p>\n<p>Ano de edi\u00e7\u00e3o: 1978<\/p>\n<p>Editor: F.A.O.J.\u00a0 \u2013 Divis\u00e3o de estudos e planeamento<\/p>\n<p>Idioma: Portugu\u00eas<\/p>\n<p>Dimens\u00f5es: 14.7 x 0.2 x 21cm<\/p>\n<p>Encaderna\u00e7\u00e3o: Capa mole<\/p>\n<p>P\u00e1ginas: 28<\/p>\n","protected":false},"excerpt":{"rendered":"<p>CADERNOS F.A.O.J., S\u00e9rie A, N.\u00ba 12: ANIMA\u00c7\u00c3O CULTURAL DO P\u00daBLICO DE CINEMA \u2013 Jos\u00e9 Vieira Marques Ano de edi\u00e7\u00e3o: 1978 Editor: F.A.O.J.\u00a0 \u2013 Divis\u00e3o de estudos e planeamento Idioma: Portugu\u00eas Dimens\u00f5es: 14.7 x 0.2 x 21cm Encaderna\u00e7\u00e3o: Capa mole P\u00e1ginas: 28<\/p>\n","protected":false},"featured_media":3872,"comment_status":"open","ping_status":"closed","template":"","meta":{"om_disable_all_campaigns":false,"_monsterinsights_skip_tracking":false,"_monsterinsights_sitenote_active":false,"_monsterinsights_sitenote_note":"","_monsterinsights_sitenote_category":0,"_uf_show_specific_survey":0,"_uf_disable_surveys":false},"product_cat":[31,47],"product_tag":[],"aioseo_notices":[],"jetpack_sharing_enabled":true,"_links":{"self":[{"href":"https:\/\/casadolivreiro.pt\/index.php\/wp-json\/wp\/v2\/product\/3867"}],"collection":[{"href":"https:\/\/casadolivreiro.pt\/index.php\/wp-json\/wp\/v2\/product"}],"about":[{"href":"https:\/\/casadolivreiro.pt\/index.php\/wp-json\/wp\/v2\/types\/product"}],"replies":[{"embeddable":true,"href":"https:\/\/casadolivreiro.pt\/index.php\/wp-json\/wp\/v2\/comments?post=3867"}],"wp:featuredmedia":[{"embeddable":true,"href":"https:\/\/casadolivreiro.pt\/index.php\/wp-json\/wp\/v2\/media\/3872"}],"wp:attachment":[{"href":"https:\/\/casadolivreiro.pt\/index.php\/wp-json\/wp\/v2\/media?parent=3867"}],"wp:term":[{"taxonomy":"product_cat","embeddable":true,"href":"https:\/\/casadolivreiro.pt\/index.php\/wp-json\/wp\/v2\/product_cat?post=3867"},{"taxonomy":"product_tag","embeddable":true,"href":"https:\/\/casadolivreiro.pt\/index.php\/wp-json\/wp\/v2\/product_tag?post=3867"}],"curies":[{"name":"wp","href":"https:\/\/api.w.org\/{rel}","templated":true}]}}