{"id":385,"date":"2024-03-11T17:28:01","date_gmt":"2024-03-11T17:28:01","guid":{"rendered":"https:\/\/casadolivreiro.pt\/?post_type=product&#038;p=385"},"modified":"2024-03-11T17:28:01","modified_gmt":"2024-03-11T17:28:01","slug":"os-melhores-restaurantes-receitas-e-segredos-de-castro-elias-lisboa-chef-miguel-castro-e-silva","status":"publish","type":"product","link":"https:\/\/casadolivreiro.pt\/index.php\/product\/os-melhores-restaurantes-receitas-e-segredos-de-castro-elias-lisboa-chef-miguel-castro-e-silva\/","title":{"rendered":"OS MELHORES RESTAURANTES: Receitas e segredos: De Castro elias, Lisboa \u2013 Chef Miguel Castro e Silva"},"content":{"rendered":"<p>OS MELHORES RESTAURANTES: Receitas e segredos<br \/>\nDe Castro elias, Lisboa \u2013 Chef Miguel Castro e Silva<br \/>\nISBN: 978-989-554-675-6<br \/>\nEditor: QuidNovi, Matosinhos<br \/>\nData de Lan\u00e7amento: 2010<br \/>\nIdioma:\u00a0 Portugu\u00eas<br \/>\nDimens\u00f5es: 20.5 x 0.7 x 20.5<br \/>\nEncaderna\u00e7\u00e3o: Capa dura<br \/>\nP\u00e1ginas: 63<\/p>\n","protected":false},"excerpt":{"rendered":"<p>OS MELHORES RESTAURANTES: Receitas e segredos De Castro elias, Lisboa \u2013 Chef Miguel Castro e Silva ISBN: 978-989-554-675-6 Editor: QuidNovi, Matosinhos Data de Lan\u00e7amento: 2010 Idioma:\u00a0 Portugu\u00eas Dimens\u00f5es: 20.5 x 0.7 x 20.5 Encaderna\u00e7\u00e3o: Capa dura P\u00e1ginas: 63<\/p>\n","protected":false},"featured_media":386,"comment_status":"open","ping_status":"closed","template":"","meta":{"om_disable_all_campaigns":false,"_monsterinsights_skip_tracking":false,"_monsterinsights_sitenote_active":false,"_monsterinsights_sitenote_note":"","_monsterinsights_sitenote_category":0,"_uf_show_specific_survey":0,"_uf_disable_surveys":false},"product_cat":[40],"product_tag":[],"aioseo_notices":[],"jetpack_sharing_enabled":true,"_links":{"self":[{"href":"https:\/\/casadolivreiro.pt\/index.php\/wp-json\/wp\/v2\/product\/385"}],"collection":[{"href":"https:\/\/casadolivreiro.pt\/index.php\/wp-json\/wp\/v2\/product"}],"about":[{"href":"https:\/\/casadolivreiro.pt\/index.php\/wp-json\/wp\/v2\/types\/product"}],"replies":[{"embeddable":true,"href":"https:\/\/casadolivreiro.pt\/index.php\/wp-json\/wp\/v2\/comments?post=385"}],"wp:featuredmedia":[{"embeddable":true,"href":"https:\/\/casadolivreiro.pt\/index.php\/wp-json\/wp\/v2\/media\/386"}],"wp:attachment":[{"href":"https:\/\/casadolivreiro.pt\/index.php\/wp-json\/wp\/v2\/media?parent=385"}],"wp:term":[{"taxonomy":"product_cat","embeddable":true,"href":"https:\/\/casadolivreiro.pt\/index.php\/wp-json\/wp\/v2\/product_cat?post=385"},{"taxonomy":"product_tag","embeddable":true,"href":"https:\/\/casadolivreiro.pt\/index.php\/wp-json\/wp\/v2\/product_tag?post=385"}],"curies":[{"name":"wp","href":"https:\/\/api.w.org\/{rel}","templated":true}]}}