{"id":3847,"date":"2025-03-27T22:37:19","date_gmt":"2025-03-27T22:37:19","guid":{"rendered":"https:\/\/casadolivreiro.pt\/?post_type=product&#038;p=3847"},"modified":"2025-03-27T22:37:19","modified_gmt":"2025-03-27T22:37:19","slug":"o-diario-de-michele-epilogo-por-jacques-loew","status":"publish","type":"product","link":"https:\/\/casadolivreiro.pt\/index.php\/product\/o-diario-de-michele-epilogo-por-jacques-loew\/","title":{"rendered":"O DI\u00c1RIO DE MICH\u00c8LE \u2013 Epilogo por Jacques Loew"},"content":{"rendered":"<p>O DI\u00c1RIO DE MICH\u00c8LE \u2013 Epilogo por Jacques Loew<\/p>\n<p>Tradu\u00e7\u00e3o de Manuel Alves da Silva<\/p>\n<p>Ano de edi\u00e7\u00e3o: 1981<\/p>\n<p>Editor: Paulistas<\/p>\n<p>Idioma: Portugu\u00eas<\/p>\n<p>Dimens\u00f5es: 13 x 1.2 x 20.5cm<\/p>\n<p>Encaderna\u00e7\u00e3o: Capa mole<\/p>\n<p>P\u00e1ginas: 206<\/p>\n","protected":false},"excerpt":{"rendered":"<p>O DI\u00c1RIO DE MICH\u00c8LE \u2013 Epilogo por Jacques Loew Tradu\u00e7\u00e3o de Manuel Alves da Silva Ano de edi\u00e7\u00e3o: 1981 Editor: Paulistas Idioma: Portugu\u00eas Dimens\u00f5es: 13 x 1.2 x 20.5cm Encaderna\u00e7\u00e3o: Capa mole P\u00e1ginas: 206<\/p>\n","protected":false},"featured_media":3848,"comment_status":"open","ping_status":"closed","template":"","meta":{"om_disable_all_campaigns":false,"_monsterinsights_skip_tracking":false,"_monsterinsights_sitenote_active":false,"_monsterinsights_sitenote_note":"","_monsterinsights_sitenote_category":0,"_uf_show_specific_survey":0,"_uf_disable_surveys":false},"product_cat":[31,47,43,36],"product_tag":[],"aioseo_notices":[],"jetpack_sharing_enabled":true,"_links":{"self":[{"href":"https:\/\/casadolivreiro.pt\/index.php\/wp-json\/wp\/v2\/product\/3847"}],"collection":[{"href":"https:\/\/casadolivreiro.pt\/index.php\/wp-json\/wp\/v2\/product"}],"about":[{"href":"https:\/\/casadolivreiro.pt\/index.php\/wp-json\/wp\/v2\/types\/product"}],"replies":[{"embeddable":true,"href":"https:\/\/casadolivreiro.pt\/index.php\/wp-json\/wp\/v2\/comments?post=3847"}],"wp:featuredmedia":[{"embeddable":true,"href":"https:\/\/casadolivreiro.pt\/index.php\/wp-json\/wp\/v2\/media\/3848"}],"wp:attachment":[{"href":"https:\/\/casadolivreiro.pt\/index.php\/wp-json\/wp\/v2\/media?parent=3847"}],"wp:term":[{"taxonomy":"product_cat","embeddable":true,"href":"https:\/\/casadolivreiro.pt\/index.php\/wp-json\/wp\/v2\/product_cat?post=3847"},{"taxonomy":"product_tag","embeddable":true,"href":"https:\/\/casadolivreiro.pt\/index.php\/wp-json\/wp\/v2\/product_tag?post=3847"}],"curies":[{"name":"wp","href":"https:\/\/api.w.org\/{rel}","templated":true}]}}