{"id":3843,"date":"2025-03-27T21:28:57","date_gmt":"2025-03-27T21:28:57","guid":{"rendered":"https:\/\/casadolivreiro.pt\/?post_type=product&#038;p=3843"},"modified":"2025-03-27T21:28:57","modified_gmt":"2025-03-27T21:28:57","slug":"cronicas-e-cartas-de-manuel-de-portugal","status":"publish","type":"product","link":"https:\/\/casadolivreiro.pt\/index.php\/product\/cronicas-e-cartas-de-manuel-de-portugal\/","title":{"rendered":"CR\u00d3NICAS E CARTAS DE MANUEL DE PORTUGAL"},"content":{"rendered":"<p>CR\u00d3NICAS E CARTAS DE MANUEL DE PORTUGAL<\/p>\n<p>Ano de edi\u00e7\u00e3o: 1976, 1.\u00aa edi\u00e7\u00e3o<\/p>\n<p>Tudo come\u00e7ou assim, tal e qual: estava eu muito bem sentado, mais ou menos tranquilo da vida, vieram-me trazer-me a carta. Fora deixada, sem indica\u00e7\u00e3o precisa de remetente, em nome do pai, por via de uma vida melhora para a prole. Como n\u00e3o sou parvo, melhor dizendo e para n\u00e3o me armar em vaidoso, j\u00e1 que tenho momentos de sorte, que sempre azares tamb\u00e9m cansam, peguei nas quatro folhas e, por dever do of\u00edcio, entrei na leitura.<\/p>\n<p>Publicadas no tempo, antecedidas cada uma de textos elucidativos das situa\u00e7\u00f5es concretas que determinaram o autor a escrev\u00ea-las e acrescidas de algumas importantes palavras iniciais e finais.<\/p>\n<p>Manuel de Portugal, pseud\u00f3nimo de Henrique Maria Cordeiro de Penha Coutinho (Lisboa, 1 de Outubro de 1928), \u00e9 um cronista e jornalista portugu\u00eas. Celebrizou-se na d\u00e9cada de 70 do s\u00e9culo XX pelas cr\u00f3nicas que assinava semanalmente no jornal Tempo. Estas cr\u00f3nicas marcaram o conturbado per\u00edodo do PREC em Portugal. Os seus textos desta \u00e9poca foram posteriormente publicados em livro, bestseller em Portugal. Nas d\u00e9cadas que se seguiram, Manuel de Portugal passaria a escrever para o Jornal de Madeira, at\u00e9 ao fim desse jornal em 2016<\/p>\n<p>Editor: Ulisseia<\/p>\n<p>Idioma: Portugu\u00eas<\/p>\n<p>Dimens\u00f5es: 14.2 x 2.1 x 22cm<\/p>\n<p>Encaderna\u00e7\u00e3o: Capa mole<\/p>\n<p>P\u00e1ginas: 284<\/p>\n","protected":false},"excerpt":{"rendered":"<p>CR\u00d3NICAS E CARTAS DE MANUEL DE PORTUGAL Ano de edi\u00e7\u00e3o: 1976, 1.\u00aa edi\u00e7\u00e3o Tudo come\u00e7ou assim, tal e qual: estava eu muito bem sentado, mais ou menos tranquilo da vida, vieram-me trazer-me a carta. Fora deixada, sem indica\u00e7\u00e3o precisa de remetente, em nome do pai, por via de uma vida melhora para a prole. Como [&hellip;]<\/p>\n","protected":false},"featured_media":3844,"comment_status":"open","ping_status":"closed","template":"","meta":{"om_disable_all_campaigns":false,"_monsterinsights_skip_tracking":false,"_monsterinsights_sitenote_active":false,"_monsterinsights_sitenote_note":"","_monsterinsights_sitenote_category":0,"_uf_show_specific_survey":0,"_uf_disable_surveys":false},"product_cat":[25,62],"product_tag":[],"aioseo_notices":[],"jetpack_sharing_enabled":true,"_links":{"self":[{"href":"https:\/\/casadolivreiro.pt\/index.php\/wp-json\/wp\/v2\/product\/3843"}],"collection":[{"href":"https:\/\/casadolivreiro.pt\/index.php\/wp-json\/wp\/v2\/product"}],"about":[{"href":"https:\/\/casadolivreiro.pt\/index.php\/wp-json\/wp\/v2\/types\/product"}],"replies":[{"embeddable":true,"href":"https:\/\/casadolivreiro.pt\/index.php\/wp-json\/wp\/v2\/comments?post=3843"}],"wp:featuredmedia":[{"embeddable":true,"href":"https:\/\/casadolivreiro.pt\/index.php\/wp-json\/wp\/v2\/media\/3844"}],"wp:attachment":[{"href":"https:\/\/casadolivreiro.pt\/index.php\/wp-json\/wp\/v2\/media?parent=3843"}],"wp:term":[{"taxonomy":"product_cat","embeddable":true,"href":"https:\/\/casadolivreiro.pt\/index.php\/wp-json\/wp\/v2\/product_cat?post=3843"},{"taxonomy":"product_tag","embeddable":true,"href":"https:\/\/casadolivreiro.pt\/index.php\/wp-json\/wp\/v2\/product_tag?post=3843"}],"curies":[{"name":"wp","href":"https:\/\/api.w.org\/{rel}","templated":true}]}}