{"id":3839,"date":"2025-03-27T21:14:11","date_gmt":"2025-03-27T21:14:11","guid":{"rendered":"https:\/\/casadolivreiro.pt\/?post_type=product&#038;p=3839"},"modified":"2025-03-27T21:14:11","modified_gmt":"2025-03-27T21:14:11","slug":"esta-e-a-ditosa-patria-minha-amada-jacinto-ramos-luz-franco","status":"publish","type":"product","link":"https:\/\/casadolivreiro.pt\/index.php\/product\/esta-e-a-ditosa-patria-minha-amada-jacinto-ramos-luz-franco\/","title":{"rendered":"ESTA \u00c9 A DITOSA P\u00c1TRIA MINHA AMADA \u2013 Jacinto Ramos, Luz Franco"},"content":{"rendered":"<p>ESTA \u00c9 A DITOSA P\u00c1TRIA MINHA AMADA \u2013 Jacinto Ramos, Luz Franco<\/p>\n<p>Ano de edi\u00e7\u00e3o: 1977<\/p>\n<p>Editor: Terra Livre<\/p>\n<p>Idioma: Portugu\u00eas<\/p>\n<p>Dimens\u00f5es: 14.6 x 0.6 x 20.5cm<\/p>\n<p>Encaderna\u00e7\u00e3o: Capa mole<\/p>\n<p>P\u00e1ginas: 84<\/p>\n","protected":false},"excerpt":{"rendered":"<p>ESTA \u00c9 A DITOSA P\u00c1TRIA MINHA AMADA \u2013 Jacinto Ramos, Luz Franco Ano de edi\u00e7\u00e3o: 1977 Editor: Terra Livre Idioma: Portugu\u00eas Dimens\u00f5es: 14.6 x 0.6 x 20.5cm Encaderna\u00e7\u00e3o: Capa mole P\u00e1ginas: 84<\/p>\n","protected":false},"featured_media":3840,"comment_status":"open","ping_status":"closed","template":"","meta":{"om_disable_all_campaigns":false,"_monsterinsights_skip_tracking":false,"_monsterinsights_sitenote_active":false,"_monsterinsights_sitenote_note":"","_monsterinsights_sitenote_category":0,"_uf_show_specific_survey":0,"_uf_disable_surveys":false},"product_cat":[31,47,30,62,51],"product_tag":[],"aioseo_notices":[],"jetpack_sharing_enabled":true,"_links":{"self":[{"href":"https:\/\/casadolivreiro.pt\/index.php\/wp-json\/wp\/v2\/product\/3839"}],"collection":[{"href":"https:\/\/casadolivreiro.pt\/index.php\/wp-json\/wp\/v2\/product"}],"about":[{"href":"https:\/\/casadolivreiro.pt\/index.php\/wp-json\/wp\/v2\/types\/product"}],"replies":[{"embeddable":true,"href":"https:\/\/casadolivreiro.pt\/index.php\/wp-json\/wp\/v2\/comments?post=3839"}],"wp:featuredmedia":[{"embeddable":true,"href":"https:\/\/casadolivreiro.pt\/index.php\/wp-json\/wp\/v2\/media\/3840"}],"wp:attachment":[{"href":"https:\/\/casadolivreiro.pt\/index.php\/wp-json\/wp\/v2\/media?parent=3839"}],"wp:term":[{"taxonomy":"product_cat","embeddable":true,"href":"https:\/\/casadolivreiro.pt\/index.php\/wp-json\/wp\/v2\/product_cat?post=3839"},{"taxonomy":"product_tag","embeddable":true,"href":"https:\/\/casadolivreiro.pt\/index.php\/wp-json\/wp\/v2\/product_tag?post=3839"}],"curies":[{"name":"wp","href":"https:\/\/api.w.org\/{rel}","templated":true}]}}