{"id":3833,"date":"2025-03-27T19:42:38","date_gmt":"2025-03-27T19:42:38","guid":{"rendered":"https:\/\/casadolivreiro.pt\/?post_type=product&#038;p=3833"},"modified":"2025-03-27T19:42:38","modified_gmt":"2025-03-27T19:42:38","slug":"sonhos-do-meu-pai-a-historia-da-minha-familia-parte-3-quenia-barack-obama","status":"publish","type":"product","link":"https:\/\/casadolivreiro.pt\/index.php\/product\/sonhos-do-meu-pai-a-historia-da-minha-familia-parte-3-quenia-barack-obama\/","title":{"rendered":"SONHOS DO MEU PAI: A hist\u00f3ria  da minha fam\u00edlia, Parte 3, Qu\u00e9nia \u2013 Barack Obama"},"content":{"rendered":"<p>SONHOS DO MEU PAI: A hist\u00f3ria\u00a0 da minha fam\u00edlia, Parte 3, Qu\u00e9nia \u2013 Barack Obama<\/p>\n<p>Tradu\u00e7\u00e3o de Artur Lopes Cardoso<\/p>\n<p>Ano de edi\u00e7\u00e3o: 2021<\/p>\n<p>Editor: Reverso ( para\u00a0 a revista S\u00e1bado)<\/p>\n<p>Idioma: Portugu\u00eas<\/p>\n<p>Dimens\u00f5es: 13 x 1.5 x 19.5cm<\/p>\n<p>Encaderna\u00e7\u00e3o: Capa mole<\/p>\n<p>P\u00e1ginas: 198<\/p>\n","protected":false},"excerpt":{"rendered":"<p>SONHOS DO MEU PAI: A hist\u00f3ria\u00a0 da minha fam\u00edlia, Parte 3, Qu\u00e9nia \u2013 Barack Obama Tradu\u00e7\u00e3o de Artur Lopes Cardoso Ano de edi\u00e7\u00e3o: 2021 Editor: Reverso ( para\u00a0 a revista S\u00e1bado) Idioma: Portugu\u00eas Dimens\u00f5es: 13 x 1.5 x 19.5cm Encaderna\u00e7\u00e3o: Capa mole P\u00e1ginas: 198<\/p>\n","protected":false},"featured_media":3834,"comment_status":"open","ping_status":"closed","template":"","meta":{"om_disable_all_campaigns":false,"_monsterinsights_skip_tracking":false,"_monsterinsights_sitenote_active":false,"_monsterinsights_sitenote_note":"","_monsterinsights_sitenote_category":0,"_uf_show_specific_survey":0,"_uf_disable_surveys":false},"product_cat":[36],"product_tag":[],"aioseo_notices":[],"jetpack_sharing_enabled":true,"_links":{"self":[{"href":"https:\/\/casadolivreiro.pt\/index.php\/wp-json\/wp\/v2\/product\/3833"}],"collection":[{"href":"https:\/\/casadolivreiro.pt\/index.php\/wp-json\/wp\/v2\/product"}],"about":[{"href":"https:\/\/casadolivreiro.pt\/index.php\/wp-json\/wp\/v2\/types\/product"}],"replies":[{"embeddable":true,"href":"https:\/\/casadolivreiro.pt\/index.php\/wp-json\/wp\/v2\/comments?post=3833"}],"wp:featuredmedia":[{"embeddable":true,"href":"https:\/\/casadolivreiro.pt\/index.php\/wp-json\/wp\/v2\/media\/3834"}],"wp:attachment":[{"href":"https:\/\/casadolivreiro.pt\/index.php\/wp-json\/wp\/v2\/media?parent=3833"}],"wp:term":[{"taxonomy":"product_cat","embeddable":true,"href":"https:\/\/casadolivreiro.pt\/index.php\/wp-json\/wp\/v2\/product_cat?post=3833"},{"taxonomy":"product_tag","embeddable":true,"href":"https:\/\/casadolivreiro.pt\/index.php\/wp-json\/wp\/v2\/product_tag?post=3833"}],"curies":[{"name":"wp","href":"https:\/\/api.w.org\/{rel}","templated":true}]}}